{"id":5588,"date":"2019-05-06T10:33:37","date_gmt":"2019-05-06T10:33:37","guid":{"rendered":"http:\/\/charitywp.thimpress.com\/elementer01\/?page_id=5588"},"modified":"2025-09-27T18:14:39","modified_gmt":"2025-09-27T22:14:39","slug":"home","status":"publish","type":"page","link":"https:\/\/santediversite.org\/fr\/","title":{"rendered":"Page d'Accueil"},"content":{"rendered":"<div data-elementor-type=\"wp-post\" data-elementor-id=\"5588\" class=\"elementor elementor-5588\">\n\t\t\t\t<div class=\"elementor-element elementor-element-7aaa8da e-flex e-con-boxed e-con e-parent\" data-id=\"7aaa8da\" data-element_type=\"container\" data-e-type=\"container\">\n\t\t\t\t\t<div class=\"e-con-inner\">\n\t\t\t\t\t<\/div>\n\t\t\t\t<\/div>\n\t\t<div class=\"elementor-element elementor-element-ae4a047 e-con-full e-flex e-con e-parent\" data-id=\"ae4a047\" data-element_type=\"container\" data-e-type=\"container\">\n\t\t\t\t<div class=\"elementor-element elementor-element-9598809 elementor-widget elementor-widget-image\" data-id=\"9598809\" data-element_type=\"widget\" data-e-type=\"widget\" data-widget_type=\"image.default\">\n\t\t\t\t<div class=\"elementor-widget-container\">\n\t\t\t\t\t\t\t\t\t\t\t\t\t\t\t<img fetchpriority=\"high\" decoding=\"async\" width=\"1080\" height=\"718\" src=\"https:\/\/santediversite.org\/wp-content\/uploads\/2025\/07\/Untitled-design-2-e1753125808369.png\" class=\"attachment-full size-full wp-image-6429\" alt=\"\" srcset=\"https:\/\/santediversite.org\/wp-content\/uploads\/2025\/07\/Untitled-design-2-e1753125808369.png 1080w, https:\/\/santediversite.org\/wp-content\/uploads\/2025\/07\/Untitled-design-2-e1753125808369-300x199.png 300w, https:\/\/santediversite.org\/wp-content\/uploads\/2025\/07\/Untitled-design-2-e1753125808369-1024x681.png 1024w, https:\/\/santediversite.org\/wp-content\/uploads\/2025\/07\/Untitled-design-2-e1753125808369-768x511.png 768w, https:\/\/santediversite.org\/wp-content\/uploads\/2025\/07\/Untitled-design-2-e1753125808369-600x399.png 600w\" sizes=\"(max-width: 1080px) 100vw, 1080px\" \/>\t\t\t\t\t\t\t\t\t\t\t\t\t\t\t<\/div>\n\t\t\t\t<\/div>\n\t\t\t\t<\/div>\n\t\t<div class=\"elementor-element elementor-element-de027c2 e-grid e-con-full e-con e-parent\" data-id=\"de027c2\" data-element_type=\"container\" data-e-type=\"container\">\n\t\t\t\t<div class=\"elementor-element elementor-element-63d38c5 elementor-widget elementor-widget-heading\" data-id=\"63d38c5\" data-element_type=\"widget\" data-e-type=\"widget\" data-widget_type=\"heading.default\">\n\t\t\t\t<div class=\"elementor-widget-container\">\n\t\t\t\t\t<h2 class=\"elementor-heading-title elementor-size-default\">                                                                                   Promouvoir la diversit\u00e9 en sant\u00e9.<\/h2>\t\t\t\t<\/div>\n\t\t\t\t<\/div>\n\t\t\t\t<div class=\"elementor-element elementor-element-708e969 elementor-widget elementor-widget-text-editor\" data-id=\"708e969\" data-element_type=\"widget\" data-e-type=\"widget\" data-widget_type=\"text-editor.default\">\n\t\t\t\t<div class=\"elementor-widget-container\">\n\t\t\t\t\t\t\t\t\t<h6>Soutenez notre mission pour b\u00e2tir un syst\u00e8me de sant\u00e9 plus inclusif et plus \u00e9quitable. Rejoignez notre communaut\u00e9 d\u00e8s aujourd\u2019hui et contribuez \u00e0 amplifier des voix diverses, \u00e0 accompagner les leaders de demain et \u00e0 \u00e9largir l\u2019acc\u00e8s pour toutes et tous.<\/h6>\t\t\t\t\t\t\t\t<\/div>\n\t\t\t\t<\/div>\n\t\t\t\t<div class=\"elementor-element elementor-element-cf4a1cc elementor-widget elementor-widget-heading\" data-id=\"cf4a1cc\" data-element_type=\"widget\" data-e-type=\"widget\" data-widget_type=\"heading.default\">\n\t\t\t\t<div class=\"elementor-widget-container\">\n\t\t\t\t\t<h2 class=\"elementor-heading-title elementor-size-default\"><b>Int\u00e9grer les talents immigrants dans des \u00e9quipes florissantes : connecter les comp\u00e9tences, les opportunit\u00e9s et le mentorat pour un impact \u00e9quitable<\/b><\/h2>\t\t\t\t<\/div>\n\t\t\t\t<\/div>\n\t\t\t\t<\/div>\n\t\t<div class=\"elementor-element elementor-element-375b067 e-flex e-con-boxed e-con e-parent\" data-id=\"375b067\" data-element_type=\"container\" data-e-type=\"container\">\n\t\t\t\t\t<div class=\"e-con-inner\">\n\t\t\t\t<div class=\"elementor-element elementor-element-9d99665 elementor-widget elementor-widget-text-editor\" data-id=\"9d99665\" data-element_type=\"widget\" data-e-type=\"widget\" data-widget_type=\"text-editor.default\">\n\t\t\t\t<div class=\"elementor-widget-container\">\n\t\t\t\t\t\t\t\t\t<p>Sant\u00e9 Diversit\u00e9 est un organisme sans but lucratif qu\u00e9b\u00e9cois qui soutient l'int\u00e9gration des professionnels de la sant\u00e9 immigrants et promeut la diversit\u00e9 et l'inclusion dans le secteur de la sant\u00e9 par la formation, le mentorat et la d\u00e9fense des droits. Son programme Sant\u00e9preneuriat permet \u00e9galement aux entrepreneurs immigrants du secteur de la sant\u00e9 de d\u00e9velopper des entreprises innovantes au service de communaut\u00e9s diversifi\u00e9es et de renforcer l'\u00e9conomie locale.<\/p>\t\t\t\t\t\t\t\t<\/div>\n\t\t\t\t<\/div>\n\t\t\t\t\t<\/div>\n\t\t\t\t<\/div>\n\t\t<div class=\"elementor-element elementor-element-4d0b4a7 e-flex e-con-boxed e-con e-parent\" data-id=\"4d0b4a7\" data-element_type=\"container\" data-e-type=\"container\">\n\t\t\t\t\t<div class=\"e-con-inner\">\n\t\t<div class=\"elementor-element elementor-element-a5899b2 e-con-full e-flex e-con e-child\" data-id=\"a5899b2\" data-element_type=\"container\" data-e-type=\"container\">\n\t\t\t\t<div class=\"elementor-element elementor-element-b674a1a elementor-widget elementor-widget-text-editor\" data-id=\"b674a1a\" data-element_type=\"widget\" data-e-type=\"widget\" data-widget_type=\"text-editor.default\">\n\t\t\t\t<div class=\"elementor-widget-container\">\n\t\t\t\t\t\t\t\t\t<h2><strong>D\u00e9couvrez comment Sant\u00e9 Diversit\u00e9 promo inclusion in the healthcare sector. <\/strong><\/h2><h4><span style=\"font-weight: 400;\">D\u00e9couvrez nos initiatives con\u00e7ues pour soutenir \u00e0 la fois les professionnels et les organisations, et \u00e9coutez des t\u00e9moignages inspirants. <strong data-start=\"329\" data-end=\"345\">t\u00e9moignages<\/strong> des membres qui font la diff\u00e9rence, et explorez des occasions concr\u00e8tes de rejoindre notre r\u00e9seau engag\u00e9.<br data-start=\"451\" data-end=\"454\" data-is-only-node=\"\" \/>Que vous soyez \u00e9tudiant, praticien ou institution, faire partie de Sant\u00e9 Diversit\u00e9 signifie contribuer \u00e0 un mouvement collectif qui valorise la diversit\u00e9 et cr\u00e9e un impact r\u00e9el dans le domaine de la sant\u00e9.<\/span><\/h4><p><br style=\"font-weight: 400;\" \/><br style=\"font-weight: 400;\" \/><\/p>\t\t\t\t\t\t\t\t<\/div>\n\t\t\t\t<\/div>\n\t\t\t\t<\/div>\n\t\t<div class=\"elementor-element elementor-element-9697132 e-con-full e-flex e-con e-child\" data-id=\"9697132\" data-element_type=\"container\" data-e-type=\"container\">\n\t\t\t\t<div class=\"elementor-element elementor-element-09de1a3 elementor-widget elementor-widget-thim-accordion\" data-id=\"09de1a3\" data-element_type=\"widget\" data-e-type=\"widget\" data-widget_type=\"thim-accordion.default\">\n\t\t\t\t<div class=\"elementor-widget-container\">\n\t\t\t\t\t<div class=\"thim-widget-accordion template-accordion\">\n<div class=\"thim-accordion style-2\">\n\t    <div id=\"accordion_69e444e5992c5\" class=\"panel-group\" role=\"tablist\" aria-multiselectable=\"true\">\n        <!-- List Panel -->\n\t\t\n\t\t\t\n            <div class=\"panel panel-default\">\n                <div class=\"panel-heading\" role=\"tab\" id=\"heading_accordion_69e444e5992c5_0\">\n                    <h4 class=\"panel-title\">\n                        <a role=\"button\" class=\"collapsed\" data-toggle=\"collapse\" data-parent=\"#accordion_69e444e5992c5\" href=\"#collapse_accordion_69e444e5992c5_0\" aria-expanded=\"false\" aria-controls=\"collapse_accordion_69e444e5992c5_0\">\n\t\t\t\t\t\t\tProgrammes                        <\/a>\n                    <\/h4>\n                <\/div>\n                <div id=\"collapse_accordion_69e444e5992c5_0\" class=\"panel-collapse collapse\" role=\"tabpanel\" aria-labelledby=\"heading_accordion_69e444e5992c5_0\">\n                    <div class=\"panel-body\">\n\t\t\t\t\t\tSant\u00e9 Diversit\u00e9 offre de nombreux programmes d\u2019int\u00e9gration et de formation con\u00e7us pour aider les professionnels de la sant\u00e9 immigrants \u00e0 aligner leurs comp\u00e9tences avec les normes qu\u00e9b\u00e9coises et \u00e0 entrer sur le march\u00e9 du travail. Ceux-ci incluent la mise \u00e0 niveau professionnelle, le mentorat personnalis\u00e9, le soutien \u00e0 la reconnaissance des dipl\u00f4mes et la formation sur la diversit\u00e9 et l\u2019inclusion dans les soins de sant\u00e9. Gr\u00e2ce \u00e0 des cours pratiques, du coaching et des ateliers, nous aidons les professionnels \u00e0 d\u00e9velopper leur carri\u00e8re tout en promouvant l\u2019\u00e9quit\u00e9 et la comp\u00e9tence culturelle dans le syst\u00e8me de sant\u00e9. Cliquez sur l\u2019onglet \u00ab\u00a0Nos programmes\u00a0\u00bb pour en savoir plus.                    <\/div>\n                <\/div>\n            <\/div>\n\n\t\t\n\t\t\t\n            <div class=\"panel panel-default\">\n                <div class=\"panel-heading\" role=\"tab\" id=\"heading_accordion_69e444e5992c5_1\">\n                    <h4 class=\"panel-title\">\n                        <a role=\"button\" class=\"collapsed\" data-toggle=\"collapse\" data-parent=\"#accordion_69e444e5992c5\" href=\"#collapse_accordion_69e444e5992c5_1\" aria-expanded=\"false\" aria-controls=\"collapse_accordion_69e444e5992c5_1\">\n\t\t\t\t\t\t\tPartenariats                        <\/a>\n                    <\/h4>\n                <\/div>\n                <div id=\"collapse_accordion_69e444e5992c5_1\" class=\"panel-collapse collapse\" role=\"tabpanel\" aria-labelledby=\"heading_accordion_69e444e5992c5_1\">\n                    <div class=\"panel-body\">\n\t\t\t\t\t\tSant\u00e9 Diversit\u00e9 travaille en \u00e9troite collaboration avec un r\u00e9seau de partenaires cl\u00e9s partout au Qu\u00e9bec pour promouvoir la diversit\u00e9, l'inclusion et l'int\u00e9gration professionnelle des travailleurs de la sant\u00e9 immigrants. Ces collaborateurs, dont des centres de sant\u00e9, des associations professionnelles et des \u00e9tablissements de formation linguistique, soutiennent des initiatives en mati\u00e8re de reconnaissance des qualifications, de comp\u00e9tence culturelle et de pratiques inclusives. Leur engagement continu amplifie la port\u00e9e et l'impact de nos programmes, contribuant ainsi \u00e0 b\u00e2tir un syst\u00e8me de sant\u00e9 plus \u00e9quitable et plus respectueux des diff\u00e9rences culturelles.                    <\/div>\n                <\/div>\n            <\/div>\n\n\t\t        <!-- End: List Panel -->\n    <\/div>\n\n<\/div><\/div>\t\t\t\t<\/div>\n\t\t\t\t<\/div>\n\t\t\t\t<\/div>\n\t\t\t\t\t<\/div>\n\t\t\t\t<\/div>\n\t\t\t\t<section class=\"elementor-section elementor-top-section elementor-element elementor-element-544cedc5 elementor-section-stretched elementor-section-boxed elementor-section-height-default elementor-section-height-default\" data-id=\"544cedc5\" data-element_type=\"section\" data-e-type=\"section\" data-settings=\"{&quot;stretch_section&quot;:&quot;section-stretched&quot;,&quot;background_background&quot;:&quot;classic&quot;}\">\n\t\t\t\t\t\t<div class=\"elementor-container elementor-column-gap-default\">\n\t\t\t\t\t<div class=\"elementor-column elementor-col-50 elementor-top-column elementor-element elementor-element-1ffe393b\" data-id=\"1ffe393b\" data-element_type=\"column\" data-e-type=\"column\">\n\t\t\t<div class=\"elementor-widget-wrap elementor-element-populated\">\n\t\t\t\t\t\t<div class=\"elementor-element elementor-element-79b25ebf elementor-widget__width-initial elementor-widget-mobile__width-inherit elementor-widget-tablet__width-inherit elementor-widget elementor-widget-heading\" data-id=\"79b25ebf\" data-element_type=\"widget\" data-e-type=\"widget\" data-widget_type=\"heading.default\">\n\t\t\t\t<div class=\"elementor-widget-container\">\n\t\t\t\t\t<h2 class=\"elementor-heading-title elementor-size-default\">Nous proposons des programmes qui responsabilisent les professionnels de la sant\u00e9 immigrants et nous sommes toujours \u00e0 la recherche de personnes passionn\u00e9es et pr\u00eates \u00e0 s'impliquer.<\/h2>\t\t\t\t<\/div>\n\t\t\t\t<\/div>\n\t\t\t\t<div class=\"elementor-element elementor-element-198ed9cc elementor-widget elementor-widget-thim-button\" data-id=\"198ed9cc\" data-element_type=\"widget\" data-e-type=\"widget\" data-widget_type=\"thim-button.default\">\n\t\t\t\t<div class=\"elementor-widget-container\">\n\t\t\t\t\t<div class=\"thim-widget-button template-button\">\n    <div id=\"button_69e444e59b49e\" class=\"text-left\">\n        <a target=\"_blank\" href=\"https:\/\/santediversite.org\/fr\/contact-us\/\" class=\"thim-button style4 inner size-large\">Exprimez votre int\u00e9r\u00eat <i class=\"las after las la-angle-right\"><\/i> <\/a>\n    <\/div>\n\n    <style>\n        #button_69e444e59b49e .thim-button{\n            background: #FFFFFF;\n            color: #000000;\n            text-transform:uppercase;\n            border-radius:30px;\n            font-size:16px;\n            border-color:#F8D98E;\n        }\n        #button_69e444e59b49e .thim-button:hover{\n                                         background: #F8D98E;\n                                         color: #FFF;\n                                         border-color:#F8D98E;\n                                     }\n    <\/style>\n\n    <style>\n         #button_69e444e59b49e         .thim-button i{\n            font-size:22px;\n        }\n    <\/style>\n    <\/div>\t\t\t\t<\/div>\n\t\t\t\t<\/div>\n\t\t\t\t\t<\/div>\n\t\t<\/div>\n\t\t\t\t<div class=\"elementor-column elementor-col-50 elementor-top-column elementor-element elementor-element-78e04a5b\" data-id=\"78e04a5b\" data-element_type=\"column\" data-e-type=\"column\">\n\t\t\t<div class=\"elementor-widget-wrap elementor-element-populated\">\n\t\t\t\t\t\t<section class=\"elementor-section elementor-inner-section elementor-element elementor-element-e33cdd5 elementor-section-boxed elementor-section-height-default elementor-section-height-default\" data-id=\"e33cdd5\" data-element_type=\"section\" data-e-type=\"section\">\n\t\t\t\t\t\t<div class=\"elementor-container elementor-column-gap-default\">\n\t\t\t\t\t<div class=\"elementor-column elementor-col-100 elementor-inner-column elementor-element elementor-element-463351ab\" data-id=\"463351ab\" data-element_type=\"column\" data-e-type=\"column\" data-settings=\"{&quot;background_background&quot;:&quot;classic&quot;}\">\n\t\t\t<div class=\"elementor-widget-wrap elementor-element-populated\">\n\t\t\t\t\t\t<div class=\"elementor-element elementor-element-516eaf7b elementor-position-left elementor-vertical-align-middle elementor-widget elementor-widget-image-box\" data-id=\"516eaf7b\" data-element_type=\"widget\" data-e-type=\"widget\" data-widget_type=\"image-box.default\">\n\t\t\t\t<div class=\"elementor-widget-container\">\n\t\t\t\t\t<div class=\"elementor-image-box-wrapper\"><figure class=\"elementor-image-box-img\"><img decoding=\"async\" width=\"100\" height=\"99\" src=\"https:\/\/santediversite.org\/wp-content\/uploads\/2021\/12\/red_heart_home3.png\" class=\"attachment-full size-full wp-image-5803\" alt=\"red heart home3\" \/><\/figure><div class=\"elementor-image-box-content\"><h3 class=\"elementor-image-box-title\">Pour les Professionnels de la Sant\u00e9<\/h3><p class=\"elementor-image-box-description\">Participez en vous inscrivant \u00e0 nos programmes via le formulaire de contact, en vous inscrivant aux ateliers \u00e0 venir via notre calendrier d\u2019\u00e9v\u00e9nements et en explorant nos ressources pour obtenir des informations sur l\u2019int\u00e9gration professionnelle et la diversit\u00e9 dans les soins de sant\u00e9.<\/p><\/div><\/div>\t\t\t\t<\/div>\n\t\t\t\t<\/div>\n\t\t\t\t\t<\/div>\n\t\t<\/div>\n\t\t\t\t\t<\/div>\n\t\t<\/section>\n\t\t\t\t<section class=\"elementor-section elementor-inner-section elementor-element elementor-element-54a09323 elementor-section-boxed elementor-section-height-default elementor-section-height-default\" data-id=\"54a09323\" data-element_type=\"section\" data-e-type=\"section\">\n\t\t\t\t\t\t<div class=\"elementor-container elementor-column-gap-default\">\n\t\t\t\t\t<div class=\"elementor-column elementor-col-100 elementor-inner-column elementor-element elementor-element-4fcade9a\" data-id=\"4fcade9a\" data-element_type=\"column\" data-e-type=\"column\" data-settings=\"{&quot;background_background&quot;:&quot;classic&quot;}\">\n\t\t\t<div class=\"elementor-widget-wrap elementor-element-populated\">\n\t\t\t\t\t\t<div class=\"elementor-element elementor-element-4df37824 elementor-position-left elementor-vertical-align-middle elementor-widget elementor-widget-image-box\" data-id=\"4df37824\" data-element_type=\"widget\" data-e-type=\"widget\" data-widget_type=\"image-box.default\">\n\t\t\t\t<div class=\"elementor-widget-container\">\n\t\t\t\t\t<div class=\"elementor-image-box-wrapper\"><figure class=\"elementor-image-box-img\"><img decoding=\"async\" width=\"100\" height=\"87\" src=\"https:\/\/santediversite.org\/wp-content\/uploads\/2021\/12\/free_education_home3.png\" class=\"attachment-full size-full wp-image-5801\" alt=\"free education home3\" \/><\/figure><div class=\"elementor-image-box-content\"><h3 class=\"elementor-image-box-title\">Pour les employeurs et les \u00e9tablissements de sant\u00e9<\/h3><p class=\"elementor-image-box-description\">Associez-vous \u00e0 nous pour promouvoir la diversit\u00e9 dans les soins de sant\u00e9\u2014connectez-vous aux services de formation, explorez les opportunit\u00e9s de collaboration et assistez \u00e0 nos \u00e9v\u00e9nements pour partager les meilleures pratiques et faire progresser l\u2019inclusion.<\/p><\/div><\/div>\t\t\t\t<\/div>\n\t\t\t\t<\/div>\n\t\t\t\t\t<\/div>\n\t\t<\/div>\n\t\t\t\t\t<\/div>\n\t\t<\/section>\n\t\t\t\t\t<\/div>\n\t\t<\/div>\n\t\t\t\t\t<\/div>\n\t\t<\/section>\n\t\t\t\t<\/div>","protected":false},"excerpt":{"rendered":"<p>Promoting diversity in healthcare. \u200b Support our mission to build a more inclusive, equitable healthcare system. Join our community today and help amplify diverse voices, mentor future leaders, and expand access for all. Integrating immigrant talent into thriving teams\u2014connecting skills, opportunity, and mentorship to drive equitable impact. Sant\u00e9 Diversit\u00e9 is [&hellip;]<\/p>\n","protected":false},"author":1,"featured_media":6218,"parent":0,"menu_order":0,"comment_status":"closed","ping_status":"closed","template":"page-templates\/homepage.php","meta":{"_piecal_is_event":false,"_piecal_start_date":"","_piecal_end_date":"","_piecal_is_allday":false,"_monsterinsights_skip_tracking":false,"_monsterinsights_sitenote_active":false,"_monsterinsights_sitenote_note":"","_monsterinsights_sitenote_category":0,"footnotes":""},"class_list":["post-5588","page","type-page","status-publish","has-post-thumbnail","hentry"],"_hostinger_reach_plugin_has_subscription_block":false,"_hostinger_reach_plugin_is_elementor":false,"_links":{"self":[{"href":"https:\/\/santediversite.org\/fr\/wp-json\/wp\/v2\/pages\/5588","targetHints":{"allow":["GET"]}}],"collection":[{"href":"https:\/\/santediversite.org\/fr\/wp-json\/wp\/v2\/pages"}],"about":[{"href":"https:\/\/santediversite.org\/fr\/wp-json\/wp\/v2\/types\/page"}],"author":[{"embeddable":true,"href":"https:\/\/santediversite.org\/fr\/wp-json\/wp\/v2\/users\/1"}],"replies":[{"embeddable":true,"href":"https:\/\/santediversite.org\/fr\/wp-json\/wp\/v2\/comments?post=5588"}],"version-history":[{"count":64,"href":"https:\/\/santediversite.org\/fr\/wp-json\/wp\/v2\/pages\/5588\/revisions"}],"predecessor-version":[{"id":6848,"href":"https:\/\/santediversite.org\/fr\/wp-json\/wp\/v2\/pages\/5588\/revisions\/6848"}],"wp:featuredmedia":[{"embeddable":true,"href":"https:\/\/santediversite.org\/fr\/wp-json\/wp\/v2\/media\/6218"}],"wp:attachment":[{"href":"https:\/\/santediversite.org\/fr\/wp-json\/wp\/v2\/media?parent=5588"}],"curies":[{"name":"wp","href":"https:\/\/api.w.org\/{rel}","templated":true}]}}