{"id":5669,"date":"2019-05-07T07:25:23","date_gmt":"2019-05-07T07:25:23","guid":{"rendered":"http:\/\/charitywp.thimpress.com\/elementer-3\/?page_id=5669"},"modified":"2025-08-24T21:34:03","modified_gmt":"2025-08-25T01:34:03","slug":"about-us","status":"publish","type":"page","link":"https:\/\/santediversite.org\/fr\/about-us\/","title":{"rendered":"\u00c0 Propos"},"content":{"rendered":"<div data-elementor-type=\"wp-post\" data-elementor-id=\"5669\" class=\"elementor elementor-5669\">\n\t\t\t\t\t\t<section class=\"elementor-section elementor-top-section elementor-element elementor-element-1c06aba elementor-section-boxed elementor-section-height-default elementor-section-height-default\" data-id=\"1c06aba\" data-element_type=\"section\" data-e-type=\"section\">\n\t\t\t\t\t\t<div class=\"elementor-container elementor-column-gap-default\">\n\t\t\t\t\t<div class=\"elementor-column elementor-col-100 elementor-top-column elementor-element elementor-element-e526d19\" data-id=\"e526d19\" data-element_type=\"column\" data-e-type=\"column\">\n\t\t\t<div class=\"elementor-widget-wrap elementor-element-populated\">\n\t\t\t\t\t\t<div class=\"elementor-element elementor-element-4a2bb36 elementor-widget elementor-widget-thim-heading\" data-id=\"4a2bb36\" data-element_type=\"widget\" data-e-type=\"widget\" data-widget_type=\"thim-heading.default\">\n\t\t\t\t<div class=\"elementor-widget-container\">\n\t\t\t\t\t<div class=\"thim-widget-heading template-heading\"><div class=\"thim-heading text-center\"><div class=\"sc-heading article_heading\" style=\";\"><h3 class=\"heading__primary wrapper-line-heading\"><span><\/span><span>\u00c0 Propos de Sant\u00e9 Diversit\u00e9<\/span><span><\/span><\/h3><span class=\"line-heading\" ><\/span><\/div><\/div><\/div>\t\t\t\t<\/div>\n\t\t\t\t<\/div>\n\t\t\t\t\t<\/div>\n\t\t<\/div>\n\t\t\t\t\t<\/div>\n\t\t<\/section>\n\t\t<div class=\"elementor-element elementor-element-e9c4216 e-flex e-con-boxed e-con e-parent\" data-id=\"e9c4216\" data-element_type=\"container\" data-e-type=\"container\">\n\t\t\t\t\t<div class=\"e-con-inner\">\n\t\t\t\t<div class=\"elementor-element elementor-element-cb64b5c elementor-widget elementor-widget-text-editor\" data-id=\"cb64b5c\" data-element_type=\"widget\" data-e-type=\"widget\" data-widget_type=\"text-editor.default\">\n\t\t\t\t<div class=\"elementor-widget-container\">\n\t\t\t\t\t\t\t\t\t<p><span style=\"font-weight: 400;\">Sant\u00e9 Diversit\u00e9 est une organisation \u00e0 but non lucratif bas\u00e9e au Qu\u00e9bec, d\u00e9di\u00e9e \u00e0 l'int\u00e9gration des professionnels de la sant\u00e9 issus de l'immigration et \u00e0 la promotion de la diversit\u00e9 et de l'inclusion dans le secteur de la sant\u00e9. Notre mission est de cr\u00e9er un environnement de soins de sant\u00e9 inclusif et \u00e9quitable, o\u00f9 la diversit\u00e9 est valoris\u00e9e comme une richesse et o\u00f9 tous les individus ont acc\u00e8s \u00e0 des soins adapt\u00e9s \u00e0 leurs besoins culturels et identitaires.<\/span><\/p><p>\u00a0<\/p><p><span style=\"font-weight: 400;\">En plus de nos initiatives d'int\u00e9gration, nous avons d\u00e9velopp\u00e9 un volet Sant\u00e9preneuriat, qui vise \u00e0 encourager et soutenir les entrepreneurs de la sant\u00e9 issus de l'immigration. Ce programme cherche \u00e0 faciliter le d\u00e9veloppement d'entreprises innovantes qui r\u00e9pondent aux besoins des communaut\u00e9s diversifi\u00e9es, tout en contribuant \u00e0 l'\u00e9conomie locale et en cr\u00e9ant des emplois.<\/span><\/p><p>\u00a0<\/p><p><span style=\"font-weight: 400;\">\u00c0 travers des programmes de formation, des services de mentorat et des initiatives de sensibilisation, Sant\u00e9 Diversit\u00e9 vise non seulement \u00e0 faciliter l'int\u00e9gration professionnelle des immigrants qualifi\u00e9s dans le domaine de la sant\u00e9, mais aussi \u00e0 sensibiliser les employeurs et les institutions de sant\u00e9 \u00e0 l'importance de la diversit\u00e9 et de l'inclusion. Notre engagement envers l'\u00e9quit\u00e9 et la reconnaissance des comp\u00e9tences \u00e9trang\u00e8res guide nos actions pour cr\u00e9er un syst\u00e8me de sant\u00e9 plus diversifi\u00e9 et repr\u00e9sentatif de la population qu\u00e9b\u00e9coise.<\/span><\/p><p><span style=\"font-weight: 400;\">\u00a0<\/span><\/p>\t\t\t\t\t\t\t\t<\/div>\n\t\t\t\t<\/div>\n\t\t\t\t\t<\/div>\n\t\t\t\t<\/div>\n\t\t\t\t<section class=\"elementor-section elementor-top-section elementor-element elementor-element-b4b5f0d elementor-section-boxed elementor-section-height-default elementor-section-height-default\" data-id=\"b4b5f0d\" data-element_type=\"section\" data-e-type=\"section\">\n\t\t\t\t\t\t<div class=\"elementor-container elementor-column-gap-default\">\n\t\t\t\t\t<div class=\"elementor-column elementor-col-50 elementor-top-column elementor-element elementor-element-89b191b\" data-id=\"89b191b\" data-element_type=\"column\" data-e-type=\"column\">\n\t\t\t<div class=\"elementor-widget-wrap elementor-element-populated\">\n\t\t\t\t\t\t<div class=\"elementor-element elementor-element-5f320f7 elementor-widget elementor-widget-thim-single-image\" data-id=\"5f320f7\" data-element_type=\"widget\" data-e-type=\"widget\" data-widget_type=\"thim-single-image.default\">\n\t\t\t\t<div class=\"elementor-widget-container\">\n\t\t\t\t\t<div class=\"thim-widget-single-images template-single-images\">\n<div class=\"thim-single-image effect-hover\">\n\t<div class=\"wrapper-image\"><div class=\"single-image\"><img fetchpriority=\"high\" src =\"https:\/\/santediversite.org\/wp-content\/uploads\/2025\/07\/entrepreneurship.png\" width=\"1030\" height=\"838\" alt=\"image\"\/><\/div><div class=\"subtitle\">Sant\u00e9preneurship<\/div><div class=\"description\">En plus de nos initiatives d\u2019int\u00e9gration, nous avons d\u00e9velopp\u00e9 un composant Sant\u00e9preneurship, qui vise \u00e0 encourager et soutenir les entrepreneurs immigrants dans le domaine de la sant\u00e9. Ce programme vise \u00e0 faciliter le d\u00e9veloppement d\u2019entreprises innovantes qui r\u00e9pondent aux besoins de diverses communaut\u00e9s, tout en contribuant \u00e0 l\u2019\u00e9conomie locale et \u00e0 la cr\u00e9ation d\u2019emplois.<\/div><\/div><\/div>\n<\/div>\t\t\t\t<\/div>\n\t\t\t\t<\/div>\n\t\t\t\t\t<\/div>\n\t\t<\/div>\n\t\t\t\t<div class=\"elementor-column elementor-col-50 elementor-top-column elementor-element elementor-element-57a66b2\" data-id=\"57a66b2\" data-element_type=\"column\" data-e-type=\"column\">\n\t\t\t<div class=\"elementor-widget-wrap elementor-element-populated\">\n\t\t\t\t\t\t<div class=\"elementor-element elementor-element-0500270 elementor-widget elementor-widget-thim-single-image\" data-id=\"0500270\" data-element_type=\"widget\" data-e-type=\"widget\" data-widget_type=\"thim-single-image.default\">\n\t\t\t\t<div class=\"elementor-widget-container\">\n\t\t\t\t\t<div class=\"thim-widget-single-images template-single-images\">\n<div class=\"thim-single-image effect-hover\">\n\t<div class=\"wrapper-image\"><div class=\"single-image\"><img src =\"https:\/\/santediversite.org\/wp-content\/uploads\/2025\/07\/Untitled6.png\" width=\"1134\" height=\"742\" alt=\"image\"\/><\/div><div class=\"subtitle\">Autres programmes<\/div><div class=\"description\">\u00c0 travers des programmes de formation, des services de mentorat et des initiatives de sensibilisation, Sant\u00e9 Diversit\u00e9 vise non seulement \u00e0 faciliter l'int\u00e9gration professionnelle des immigrants qualifi\u00e9s dans le domaine de la sant\u00e9, mais aussi \u00e0 sensibiliser les employeurs et les institutions de sant\u00e9 \u00e0 l'importance de la diversit\u00e9 et de l'inclusion. Notre engagement envers l'\u00e9quit\u00e9 et la reconnaissance des comp\u00e9tences \u00e9trang\u00e8res guide nos actions pour cr\u00e9er un syst\u00e8me de sant\u00e9 plus diversifi\u00e9 et repr\u00e9sentatif de la population qu\u00e9b\u00e9coise.<\/div><\/div><\/div>\n<\/div>\t\t\t\t<\/div>\n\t\t\t\t<\/div>\n\t\t\t\t\t<\/div>\n\t\t<\/div>\n\t\t\t\t\t<\/div>\n\t\t<\/section>\n\t\t<div class=\"elementor-element elementor-element-d636197 e-flex e-con-boxed e-con e-parent\" data-id=\"d636197\" data-element_type=\"container\" data-e-type=\"container\">\n\t\t\t\t\t<div class=\"e-con-inner\">\n\t\t\t\t<div class=\"elementor-element elementor-element-6ddf5b0 elementor-widget elementor-widget-text-editor\" data-id=\"6ddf5b0\" data-element_type=\"widget\" data-e-type=\"widget\" data-widget_type=\"text-editor.default\">\n\t\t\t\t<div class=\"elementor-widget-container\">\n\t\t\t\t\t\t\t\t\t<h6>Rejoignez-nous dans notre mission de promouvoir la diversit\u00e9 en sant\u00e9, d'int\u00e9grer les talents issus de l'immigration et de b\u00e2tir un avenir de soins de sant\u00e9 inclusifs pour tous, tout en favorisant l'entrepreneuriat dans le secteur.<\/h6>\t\t\t\t\t\t\t\t<\/div>\n\t\t\t\t<\/div>\n\t\t\t\t\t<\/div>\n\t\t\t\t<\/div>\n\t\t<div class=\"elementor-element elementor-element-b1d494f e-flex e-con-boxed e-con e-parent\" data-id=\"b1d494f\" data-element_type=\"container\" data-e-type=\"container\" data-settings=\"{&quot;background_background&quot;:&quot;classic&quot;}\">\n\t\t\t\t\t<div class=\"e-con-inner\">\n\t\t\t\t<div class=\"elementor-element elementor-element-1f4ff28 elementor-widget elementor-widget-text-editor\" data-id=\"1f4ff28\" data-element_type=\"widget\" data-e-type=\"widget\" data-widget_type=\"text-editor.default\">\n\t\t\t\t<div class=\"elementor-widget-container\">\n\t\t\t\t\t\t\t\t\t<p><span style=\"font-weight: 400;\">Ensemble, valorisons la diversit\u00e9 en sant\u00e9. Rejoignez Sant\u00e9 Diversit\u00e9 pour un syst\u00e8me de sant\u00e9 plus inclusif et \u00e9quitable.<\/span><\/p>\t\t\t\t\t\t\t\t<\/div>\n\t\t\t\t<\/div>\n\t\t\t\t\t<\/div>\n\t\t\t\t<\/div>\n\t\t<div class=\"elementor-element elementor-element-3975adb e-flex e-con-boxed e-con e-parent\" data-id=\"3975adb\" data-element_type=\"container\" data-e-type=\"container\">\n\t\t\t\t\t<div class=\"e-con-inner\">\n\t\t\t\t<div class=\"elementor-element elementor-element-be8e113 elementor-widget elementor-widget-thim-heading\" data-id=\"be8e113\" data-element_type=\"widget\" data-e-type=\"widget\" data-widget_type=\"thim-heading.default\">\n\t\t\t\t<div class=\"elementor-widget-container\">\n\t\t\t\t\t<div class=\"thim-widget-heading template-heading\"><div class=\"thim-heading text-center\"><div class=\"sc-heading article_heading\" style=\";\"><h3 class=\"heading__primary\"><span><\/span><span>Nos Valeurs Fondamentales<\/span><span><\/span><\/h3><p class=\"heading__secondary\"   >Diversit\u00e9, Inclusion, \u00c9quit\u00e9, Collaboration, Engagement<\/p><\/div><\/div><\/div>\t\t\t\t<\/div>\n\t\t\t\t<\/div>\n\t\t\t\t\t<\/div>\n\t\t\t\t<\/div>\n\t\t<div class=\"elementor-element elementor-element-7d4093c e-flex e-con-boxed e-con e-parent\" data-id=\"7d4093c\" data-element_type=\"container\" data-e-type=\"container\">\n\t\t\t\t\t<div class=\"e-con-inner\">\n\t\t\t\t<div class=\"elementor-element elementor-element-81f7899 elementor-widget elementor-widget-text-editor\" data-id=\"81f7899\" data-element_type=\"widget\" data-e-type=\"widget\" data-widget_type=\"text-editor.default\">\n\t\t\t\t<div class=\"elementor-widget-container\">\n\t\t\t\t\t\t\t\t\t<p><span style=\"font-weight: 400;\">Chez Sant\u00e9 Diversit\u00e9, nous croyons fermement que la diversit\u00e9 et l'inclusion sont des piliers essentiels pour un syst\u00e8me de sant\u00e9 \u00e9quitable, respectueux et efficace. Nos valeurs fondamentales guident nos actions et notre engagement envers la diversit\u00e9 et l'inclusion dans le secteur de la sant\u00e9. Voici comment nous incarnons ces valeurs au quotidien:<\/span><\/p>\t\t\t\t\t\t\t\t<\/div>\n\t\t\t\t<\/div>\n\t\t\t\t\t<\/div>\n\t\t\t\t<\/div>\n\t\t<div class=\"elementor-element elementor-element-2afdd01 e-flex e-con-boxed e-con e-parent\" data-id=\"2afdd01\" data-element_type=\"container\" data-e-type=\"container\">\n\t\t\t\t\t<div class=\"e-con-inner\">\n\t\t<div class=\"elementor-element elementor-element-aee9e66 e-con-full e-flex e-con e-child\" data-id=\"aee9e66\" data-element_type=\"container\" data-e-type=\"container\">\n\t\t\t\t<div class=\"elementor-element elementor-element-a17368d elementor-widget elementor-widget-text-editor\" data-id=\"a17368d\" data-element_type=\"widget\" data-e-type=\"widget\" data-widget_type=\"text-editor.default\">\n\t\t\t\t<div class=\"elementor-widget-container\">\n\t\t\t\t\t\t\t\t\t<p><strong>Diversit\u00e9 comme Richesse<\/strong><\/p><p>Nous consid\u00e9rons la diversit\u00e9 comme une richesse qui enrichit notre soci\u00e9t\u00e9 et notre syst\u00e8me de sant\u00e9. Nous croyons en la valeur des diff\u00e9rentes perspectives, exp\u00e9riences et savoir-faire apport\u00e9s par les professionnels de la sant\u00e9 issus de l'immigration. En valorisant la diversit\u00e9, nous contribuons \u00e0 cr\u00e9er un environnement de soins de sant\u00e9 plus complet, attentif et respectueux.<\/p>\t\t\t\t\t\t\t\t<\/div>\n\t\t\t\t<\/div>\n\t\t\t\t<div class=\"elementor-element elementor-element-167ad0a elementor-widget elementor-widget-image\" data-id=\"167ad0a\" data-element_type=\"widget\" data-e-type=\"widget\" data-widget_type=\"image.default\">\n\t\t\t\t<div class=\"elementor-widget-container\">\n\t\t\t\t\t\t\t\t\t\t\t\t\t\t\t<img decoding=\"async\" width=\"640\" height=\"424\" src=\"https:\/\/santediversite.org\/wp-content\/uploads\/2025\/07\/Untitled-1024x678.png\" class=\"attachment-large size-large wp-image-6496\" alt=\"\" srcset=\"https:\/\/santediversite.org\/wp-content\/uploads\/2025\/07\/Untitled-1024x678.png 1024w, https:\/\/santediversite.org\/wp-content\/uploads\/2025\/07\/Untitled-300x199.png 300w, https:\/\/santediversite.org\/wp-content\/uploads\/2025\/07\/Untitled-768x509.png 768w, https:\/\/santediversite.org\/wp-content\/uploads\/2025\/07\/Untitled-600x398.png 600w, https:\/\/santediversite.org\/wp-content\/uploads\/2025\/07\/Untitled.png 1292w\" sizes=\"(max-width: 640px) 100vw, 640px\" \/>\t\t\t\t\t\t\t\t\t\t\t\t\t\t\t<\/div>\n\t\t\t\t<\/div>\n\t\t\t\t<\/div>\n\t\t<div class=\"elementor-element elementor-element-14b75c0 e-con-full e-flex e-con e-child\" data-id=\"14b75c0\" data-element_type=\"container\" data-e-type=\"container\">\n\t\t\t\t<div class=\"elementor-element elementor-element-fb33ce5 elementor-widget elementor-widget-text-editor\" data-id=\"fb33ce5\" data-element_type=\"widget\" data-e-type=\"widget\" data-widget_type=\"text-editor.default\">\n\t\t\t\t<div class=\"elementor-widget-container\">\n\t\t\t\t\t\t\t\t\t<p><strong>Inclusion comme Droit Fondamental<\/strong><\/p><p>L'inclusion est au c\u0153ur de notre d\u00e9marche. Nous nous engageons \u00e0 cr\u00e9er un espace o\u00f9 chaque individu, ind\u00e9pendamment de son origine, de sa culture ou de son identit\u00e9, se sent le bienvenu et respect\u00e9. Nous \u0153uvrons pour \u00e9liminer les obstacles \u00e0 l'int\u00e9gration professionnelle des immigrants qualifi\u00e9s dans le domaine de la sant\u00e9, en favorisant un acc\u00e8s \u00e9quitable aux opportunit\u00e9s et aux ressources.<\/p>\t\t\t\t\t\t\t\t<\/div>\n\t\t\t\t<\/div>\n\t\t\t\t<div class=\"elementor-element elementor-element-1630237 elementor-widget elementor-widget-image\" data-id=\"1630237\" data-element_type=\"widget\" data-e-type=\"widget\" data-widget_type=\"image.default\">\n\t\t\t\t<div class=\"elementor-widget-container\">\n\t\t\t\t\t\t\t\t\t\t\t\t\t\t\t<img loading=\"lazy\" decoding=\"async\" width=\"640\" height=\"596\" src=\"https:\/\/santediversite.org\/wp-content\/uploads\/2025\/07\/Untitled2.png\" class=\"attachment-large size-large wp-image-6497\" alt=\"\" srcset=\"https:\/\/santediversite.org\/wp-content\/uploads\/2025\/07\/Untitled2.png 898w, https:\/\/santediversite.org\/wp-content\/uploads\/2025\/07\/Untitled2-300x279.png 300w, https:\/\/santediversite.org\/wp-content\/uploads\/2025\/07\/Untitled2-768x715.png 768w, https:\/\/santediversite.org\/wp-content\/uploads\/2025\/07\/Untitled2-600x559.png 600w\" sizes=\"(max-width: 640px) 100vw, 640px\" \/>\t\t\t\t\t\t\t\t\t\t\t\t\t\t\t<\/div>\n\t\t\t\t<\/div>\n\t\t\t\t<\/div>\n\t\t<div class=\"elementor-element elementor-element-b3e11ce e-con-full e-flex e-con e-child\" data-id=\"b3e11ce\" data-element_type=\"container\" data-e-type=\"container\">\n\t\t\t\t<div class=\"elementor-element elementor-element-0e569f3 elementor-widget elementor-widget-text-editor\" data-id=\"0e569f3\" data-element_type=\"widget\" data-e-type=\"widget\" data-widget_type=\"text-editor.default\">\n\t\t\t\t<div class=\"elementor-widget-container\">\n\t\t\t\t\t\t\t\t\t<p><strong>\u00c9quit\u00e9 pour Tous<\/strong><\/p><p>L'\u00e9quit\u00e9 est un principe fondamental de notre action. Nous nous effor\u00e7ons de garantir des chances \u00e9gales \u00e0 tous les professionnels de la sant\u00e9, ind\u00e9pendamment de leur origine ou de leur parcours. En promouvant des politiques et des pratiques \u00e9quitables, nous visons \u00e0 r\u00e9duire les in\u00e9galit\u00e9s et \u00e0 favoriser l'acc\u00e8s aux soins de sant\u00e9 pour tous, quelles que soient leurs origines ou leurs identit\u00e9s.<\/p>\t\t\t\t\t\t\t\t<\/div>\n\t\t\t\t<\/div>\n\t\t\t\t<div class=\"elementor-element elementor-element-ad5fa69 elementor-widget elementor-widget-image\" data-id=\"ad5fa69\" data-element_type=\"widget\" data-e-type=\"widget\" data-widget_type=\"image.default\">\n\t\t\t\t<div class=\"elementor-widget-container\">\n\t\t\t\t\t\t\t\t\t\t\t\t\t\t\t<img loading=\"lazy\" decoding=\"async\" width=\"640\" height=\"432\" src=\"https:\/\/santediversite.org\/wp-content\/uploads\/2025\/07\/Untitled5-1024x691.png\" class=\"attachment-large size-large wp-image-6500\" alt=\"\" srcset=\"https:\/\/santediversite.org\/wp-content\/uploads\/2025\/07\/Untitled5-1024x691.png 1024w, https:\/\/santediversite.org\/wp-content\/uploads\/2025\/07\/Untitled5-300x202.png 300w, https:\/\/santediversite.org\/wp-content\/uploads\/2025\/07\/Untitled5-768x518.png 768w, https:\/\/santediversite.org\/wp-content\/uploads\/2025\/07\/Untitled5-600x405.png 600w, https:\/\/santediversite.org\/wp-content\/uploads\/2025\/07\/Untitled5.png 1248w\" sizes=\"(max-width: 640px) 100vw, 640px\" \/>\t\t\t\t\t\t\t\t\t\t\t\t\t\t\t<\/div>\n\t\t\t\t<\/div>\n\t\t\t\t<\/div>\n\t\t<div class=\"elementor-element elementor-element-a0501f4 e-con-full e-flex e-con e-child\" data-id=\"a0501f4\" data-element_type=\"container\" data-e-type=\"container\">\n\t\t\t\t<div class=\"elementor-element elementor-element-878418c elementor-widget elementor-widget-text-editor\" data-id=\"878418c\" data-element_type=\"widget\" data-e-type=\"widget\" data-widget_type=\"text-editor.default\">\n\t\t\t\t<div class=\"elementor-widget-container\">\n\t\t\t\t\t\t\t\t\t<p><strong>Collaboration pour l'Impact<\/strong><\/p><p>La collaboration est au c\u0153ur de notre approche. Nous croyons fermement en la force des partenariats et des alliances pour cr\u00e9er un changement significatif et durable. En travaillant ensemble avec les professionnels de la sant\u00e9, les employeurs, les organismes communautaires et les gouvernements, nous renfor\u00e7ons notre impact et notre capacit\u00e9 \u00e0 promouvoir la diversit\u00e9 et l'inclusion dans le secteur de la sant\u00e9.<\/p>\t\t\t\t\t\t\t\t<\/div>\n\t\t\t\t<\/div>\n\t\t\t\t<div class=\"elementor-element elementor-element-a5ab849 elementor-widget elementor-widget-image\" data-id=\"a5ab849\" data-element_type=\"widget\" data-e-type=\"widget\" data-widget_type=\"image.default\">\n\t\t\t\t<div class=\"elementor-widget-container\">\n\t\t\t\t\t\t\t\t\t\t\t\t\t\t\t<img loading=\"lazy\" decoding=\"async\" width=\"640\" height=\"428\" src=\"https:\/\/santediversite.org\/wp-content\/uploads\/2025\/07\/Untitled3-1024x685.png\" class=\"attachment-large size-large wp-image-6498\" alt=\"\" srcset=\"https:\/\/santediversite.org\/wp-content\/uploads\/2025\/07\/Untitled3-1024x685.png 1024w, https:\/\/santediversite.org\/wp-content\/uploads\/2025\/07\/Untitled3-300x201.png 300w, https:\/\/santediversite.org\/wp-content\/uploads\/2025\/07\/Untitled3-768x514.png 768w, https:\/\/santediversite.org\/wp-content\/uploads\/2025\/07\/Untitled3-600x401.png 600w, https:\/\/santediversite.org\/wp-content\/uploads\/2025\/07\/Untitled3.png 1268w\" sizes=\"(max-width: 640px) 100vw, 640px\" \/>\t\t\t\t\t\t\t\t\t\t\t\t\t\t\t<\/div>\n\t\t\t\t<\/div>\n\t\t\t\t<\/div>\n\t\t\t\t\t<\/div>\n\t\t\t\t<\/div>\n\t\t<div class=\"elementor-element elementor-element-1f2fa3a e-flex e-con-boxed e-con e-parent\" data-id=\"1f2fa3a\" data-element_type=\"container\" data-e-type=\"container\">\n\t\t\t\t\t<div class=\"e-con-inner\">\n\t\t<div class=\"elementor-element elementor-element-657197e e-con-full e-flex e-con e-child\" data-id=\"657197e\" data-element_type=\"container\" data-e-type=\"container\">\n\t\t\t\t<div class=\"elementor-element elementor-element-43c854c elementor-widget elementor-widget-text-editor\" data-id=\"43c854c\" data-element_type=\"widget\" data-e-type=\"widget\" data-widget_type=\"text-editor.default\">\n\t\t\t\t<div class=\"elementor-widget-container\">\n\t\t\t\t\t\t\t\t\t<p><strong>Engagement<\/strong><\/p><p>Nous sommes engag\u00e9s \u00e0 faire une diff\u00e9rence concr\u00e8te dans le secteur de la sant\u00e9 en favorisant une culture de respect, d'inclusion et d'\u00e9quit\u00e9 pour tous.<\/p>\t\t\t\t\t\t\t\t<\/div>\n\t\t\t\t<\/div>\n\t\t\t\t<\/div>\n\t\t<div class=\"elementor-element elementor-element-db9487f e-con-full e-flex e-con e-child\" data-id=\"db9487f\" data-element_type=\"container\" data-e-type=\"container\">\n\t\t\t\t<div class=\"elementor-element elementor-element-2752544 elementor-widget elementor-widget-image\" data-id=\"2752544\" data-element_type=\"widget\" data-e-type=\"widget\" data-widget_type=\"image.default\">\n\t\t\t\t<div class=\"elementor-widget-container\">\n\t\t\t\t\t\t\t\t\t\t\t\t\t\t\t<img loading=\"lazy\" decoding=\"async\" width=\"640\" height=\"390\" src=\"https:\/\/santediversite.org\/wp-content\/uploads\/2025\/07\/Untitled4-1024x624.png\" class=\"attachment-large size-large wp-image-6499\" alt=\"\" srcset=\"https:\/\/santediversite.org\/wp-content\/uploads\/2025\/07\/Untitled4-1024x624.png 1024w, https:\/\/santediversite.org\/wp-content\/uploads\/2025\/07\/Untitled4-300x183.png 300w, https:\/\/santediversite.org\/wp-content\/uploads\/2025\/07\/Untitled4-768x468.png 768w, https:\/\/santediversite.org\/wp-content\/uploads\/2025\/07\/Untitled4-600x365.png 600w, https:\/\/santediversite.org\/wp-content\/uploads\/2025\/07\/Untitled4.png 1202w\" sizes=\"(max-width: 640px) 100vw, 640px\" \/>\t\t\t\t\t\t\t\t\t\t\t\t\t\t\t<\/div>\n\t\t\t\t<\/div>\n\t\t\t\t<\/div>\n\t\t\t\t\t<\/div>\n\t\t\t\t<\/div>\n\t\t<div class=\"elementor-element elementor-element-6cc2588 e-flex e-con-boxed e-con e-parent\" data-id=\"6cc2588\" data-element_type=\"container\" data-e-type=\"container\">\n\t\t\t\t\t<div class=\"e-con-inner\">\n\t\t\t\t<div class=\"elementor-element elementor-element-6a7302d elementor-widget elementor-widget-text-editor\" data-id=\"6a7302d\" data-element_type=\"widget\" data-e-type=\"widget\" data-widget_type=\"text-editor.default\">\n\t\t\t\t<div class=\"elementor-widget-container\">\n\t\t\t\t\t\t\t\t\t<p>Chez Sant\u00e9 Diversit\u00e9, nos valeurs de diversit\u00e9, d'inclusion, d'\u00e9quit\u00e9 et de collaboration guident chaque action que nous entreprenons pour promouvoir une soci\u00e9t\u00e9 plus juste et inclusive. Nous sommes d\u00e9termin\u00e9s \u00e0 cr\u00e9er un syst\u00e8me de sant\u00e9 qui refl\u00e8te la diversit\u00e9 de nos communaut\u00e9s et qui offre des soins de qualit\u00e9 et respectueux \u00e0 tous. Rejoignez-nous dans notre engagement envers la diversit\u00e9 et l'inclusion en sant\u00e9 pour un avenir plus inclusif pour tous.<\/p>\t\t\t\t\t\t\t\t<\/div>\n\t\t\t\t<\/div>\n\t\t\t\t\t<\/div>\n\t\t\t\t<\/div>\n\t\t\t\t<\/div>","protected":false},"excerpt":{"rendered":"<p>Who we are Sant\u00e9 Diversit\u00e9 is a Qu\u00e9bec-based non-profit organization dedicated to the integration of immigrant healthcare professionals and the promotion of diversity and inclusion in the healthcare sector. Our mission is to create an inclusive and equitable healthcare environment, where diversity is valued as an asset and where all [&hellip;]<\/p>\n","protected":false},"author":1,"featured_media":0,"parent":0,"menu_order":0,"comment_status":"closed","ping_status":"closed","template":"","meta":{"_piecal_is_event":false,"_piecal_start_date":"","_piecal_end_date":"","_piecal_is_allday":false,"_monsterinsights_skip_tracking":false,"_monsterinsights_sitenote_active":false,"_monsterinsights_sitenote_note":"","_monsterinsights_sitenote_category":0,"footnotes":""},"class_list":["post-5669","page","type-page","status-publish","hentry"],"_hostinger_reach_plugin_has_subscription_block":false,"_hostinger_reach_plugin_is_elementor":false,"_links":{"self":[{"href":"https:\/\/santediversite.org\/fr\/wp-json\/wp\/v2\/pages\/5669","targetHints":{"allow":["GET"]}}],"collection":[{"href":"https:\/\/santediversite.org\/fr\/wp-json\/wp\/v2\/pages"}],"about":[{"href":"https:\/\/santediversite.org\/fr\/wp-json\/wp\/v2\/types\/page"}],"author":[{"embeddable":true,"href":"https:\/\/santediversite.org\/fr\/wp-json\/wp\/v2\/users\/1"}],"replies":[{"embeddable":true,"href":"https:\/\/santediversite.org\/fr\/wp-json\/wp\/v2\/comments?post=5669"}],"version-history":[{"count":22,"href":"https:\/\/santediversite.org\/fr\/wp-json\/wp\/v2\/pages\/5669\/revisions"}],"predecessor-version":[{"id":6522,"href":"https:\/\/santediversite.org\/fr\/wp-json\/wp\/v2\/pages\/5669\/revisions\/6522"}],"wp:attachment":[{"href":"https:\/\/santediversite.org\/fr\/wp-json\/wp\/v2\/media?parent=5669"}],"curies":[{"name":"wp","href":"https:\/\/api.w.org\/{rel}","templated":true}]}}