{"id":5698,"date":"2019-05-07T13:07:12","date_gmt":"2019-05-07T13:07:12","guid":{"rendered":"http:\/\/charitywp.thimpress.com\/elementer-3\/?page_id=5698"},"modified":"2025-08-02T11:38:28","modified_gmt":"2025-08-02T15:38:28","slug":"faq","status":"publish","type":"page","link":"https:\/\/santediversite.org\/fr\/faq\/","title":{"rendered":"FAQ"},"content":{"rendered":"<div data-elementor-type=\"wp-post\" data-elementor-id=\"5698\" class=\"elementor elementor-5698\">\n\t\t\t\t\t\t<section class=\"elementor-section elementor-top-section elementor-element elementor-element-876f077 elementor-section-boxed elementor-section-height-default elementor-section-height-default\" data-id=\"876f077\" data-element_type=\"section\" data-e-type=\"section\">\n\t\t\t\t\t\t<div class=\"elementor-container elementor-column-gap-default\">\n\t\t\t\t\t<div class=\"elementor-column elementor-col-50 elementor-top-column elementor-element elementor-element-ba672ea\" data-id=\"ba672ea\" data-element_type=\"column\" data-e-type=\"column\">\n\t\t\t<div class=\"elementor-widget-wrap elementor-element-populated\">\n\t\t\t\t\t\t<div class=\"elementor-element elementor-element-cf02020 elementor-widget elementor-widget-thim-accordion\" data-id=\"cf02020\" data-element_type=\"widget\" data-e-type=\"widget\" data-widget_type=\"thim-accordion.default\">\n\t\t\t\t<div class=\"elementor-widget-container\">\n\t\t\t\t\t<div class=\"thim-widget-accordion template-accordion\">\n<div class=\"thim-accordion style-1\">\n\t<h3 class=\"widget-title\">FAQs sur l'Int\u00e9gration des Professionnels de la Sant\u00e9<\/h3>    <div id=\"accordion_69e45a61244f1\" class=\"panel-group\" role=\"tablist\" aria-multiselectable=\"true\">\n        <!-- List Panel -->\n\t\t\n\t\t\t\n            <div class=\"panel panel-default\">\n                <div class=\"panel-heading\" role=\"tab\" id=\"heading_accordion_69e45a61244f1_0\">\n                    <h4 class=\"panel-title\">\n                        <a role=\"button\" class=\"collapsed\" data-toggle=\"collapse\" data-parent=\"#accordion_69e45a61244f1\" href=\"#collapse_accordion_69e45a61244f1_0\" aria-expanded=\"false\" aria-controls=\"collapse_accordion_69e45a61244f1_0\">\n\t\t\t\t\t\t\tQuels sont les programmes offerts par Sant\u00e9 Diversit\u00e9 pour l'int\u00e9gration des professionnels de la sant\u00e9 immigrants?                        <\/a>\n                    <\/h4>\n                <\/div>\n                <div id=\"collapse_accordion_69e45a61244f1_0\" class=\"panel-collapse collapse\" role=\"tabpanel\" aria-labelledby=\"heading_accordion_69e45a61244f1_0\">\n                    <div class=\"panel-body\">\n\t\t\t\t\t\tSant\u00e9 Diversit\u00e9 propose des programmes de mise \u00e0 niveau professionnelle, des services de mentorat personnalis\u00e9, des formations sur la diversit\u00e9 et l'inclusion en sant\u00e9, des formations sur la reconnaissance des dipl\u00f4mes et des qualifications, ainsi que des ateliers et formations sp\u00e9cialis\u00e9es.                    <\/div>\n                <\/div>\n            <\/div>\n\n\t\t\n\t\t\t\n            <div class=\"panel panel-default\">\n                <div class=\"panel-heading\" role=\"tab\" id=\"heading_accordion_69e45a61244f1_1\">\n                    <h4 class=\"panel-title\">\n                        <a role=\"button\" class=\"collapsed\" data-toggle=\"collapse\" data-parent=\"#accordion_69e45a61244f1\" href=\"#collapse_accordion_69e45a61244f1_1\" aria-expanded=\"false\" aria-controls=\"collapse_accordion_69e45a61244f1_1\">\n\t\t\t\t\t\t\tComment puis-je m'inscrire aux programmes d'int\u00e9gration de Sant\u00e9 Diversit\u00e9?                        <\/a>\n                    <\/h4>\n                <\/div>\n                <div id=\"collapse_accordion_69e45a61244f1_1\" class=\"panel-collapse collapse\" role=\"tabpanel\" aria-labelledby=\"heading_accordion_69e45a61244f1_1\">\n                    <div class=\"panel-body\">\n\t\t\t\t\t\tPour vous inscrire aux programmes d'int\u00e9gration de Sant\u00e9 Diversit\u00e9, vous pouvez remplir le formulaire de contact sur notre site web ou nous contacter directement par t\u00e9l\u00e9phone pour obtenir plus d'informations.                    <\/div>\n                <\/div>\n            <\/div>\n\n\t\t\n\t\t\t\n            <div class=\"panel panel-default\">\n                <div class=\"panel-heading\" role=\"tab\" id=\"heading_accordion_69e45a61244f1_2\">\n                    <h4 class=\"panel-title\">\n                        <a role=\"button\" class=\"collapsed\" data-toggle=\"collapse\" data-parent=\"#accordion_69e45a61244f1\" href=\"#collapse_accordion_69e45a61244f1_2\" aria-expanded=\"false\" aria-controls=\"collapse_accordion_69e45a61244f1_2\">\n\t\t\t\t\t\t\tQuels sont les avantages de participer aux programmes de formation de Sant\u00e9 Diversit\u00e9 pour les professionnels de la sant\u00e9 immigrants?                        <\/a>\n                    <\/h4>\n                <\/div>\n                <div id=\"collapse_accordion_69e45a61244f1_2\" class=\"panel-collapse collapse\" role=\"tabpanel\" aria-labelledby=\"heading_accordion_69e45a61244f1_2\">\n                    <div class=\"panel-body\">\n\t\t\t\t\t\tLes programmes de Sant\u00e9 Diversit\u00e9 offrent une mise \u00e0 niveau des comp\u00e9tences, un accompagnement personnalis\u00e9, une pr\u00e9paration \u00e0 l'int\u00e9gration professionnelle, un soutien dans la reconnaissance des qualifications et une sensibilisation \u00e0 la diversit\u00e9 en sant\u00e9.                    <\/div>\n                <\/div>\n            <\/div>\n\n\t\t\n\t\t\t\n            <div class=\"panel panel-default\">\n                <div class=\"panel-heading\" role=\"tab\" id=\"heading_accordion_69e45a61244f1_3\">\n                    <h4 class=\"panel-title\">\n                        <a role=\"button\" class=\"collapsed\" data-toggle=\"collapse\" data-parent=\"#accordion_69e45a61244f1\" href=\"#collapse_accordion_69e45a61244f1_3\" aria-expanded=\"false\" aria-controls=\"collapse_accordion_69e45a61244f1_3\">\n\t\t\t\t\t\t\tComment Sant\u00e9 Diversit\u00e9 collabore-t-il avec les employeurs et les institutions de sant\u00e9 pour favoriser l'int\u00e9gration des professionnels de la sant\u00e9 immigrants?                         <\/a>\n                    <\/h4>\n                <\/div>\n                <div id=\"collapse_accordion_69e45a61244f1_3\" class=\"panel-collapse collapse\" role=\"tabpanel\" aria-labelledby=\"heading_accordion_69e45a61244f1_3\">\n                    <div class=\"panel-body\">\n\t\t\t\t\t\tSant\u00e9 Diversit\u00e9 propose des formations sur la diversit\u00e9 et l'inclusion en sant\u00e9, des ateliers de sensibilisation, des services de conseil et d'accompagnement pour aider les employeurs \u00e0 cr\u00e9er des environnements de travail inclusifs et \u00e0 valoriser la diversit\u00e9 des professionnels de la sant\u00e9.                    <\/div>\n                <\/div>\n            <\/div>\n\n\t\t\n\t\t\t\n            <div class=\"panel panel-default\">\n                <div class=\"panel-heading\" role=\"tab\" id=\"heading_accordion_69e45a61244f1_4\">\n                    <h4 class=\"panel-title\">\n                        <a role=\"button\" class=\"collapsed\" data-toggle=\"collapse\" data-parent=\"#accordion_69e45a61244f1\" href=\"#collapse_accordion_69e45a61244f1_4\" aria-expanded=\"false\" aria-controls=\"collapse_accordion_69e45a61244f1_4\">\n\t\t\t\t\t\t\tQuels sont les partenaires et collaborateurs de Sant\u00e9 Diversit\u00e9 dans le domaine de l'int\u00e9gration des professionnels de la sant\u00e9 immigrants?                        <\/a>\n                    <\/h4>\n                <\/div>\n                <div id=\"collapse_accordion_69e45a61244f1_4\" class=\"panel-collapse collapse\" role=\"tabpanel\" aria-labelledby=\"heading_accordion_69e45a61244f1_4\">\n                    <div class=\"panel-body\">\n\t\t\t\t\t\tSant\u00e9 Diversit\u00e9 collabore avec des partenaires cl\u00e9s tels que des centres de sant\u00e9 communautaire, des associations professionnelles, des organismes de formation linguistique et des instances r\u00e9glementaires pour promouvoir l'int\u00e9gration des professionnels de la sant\u00e9 immigrants.                    <\/div>\n                <\/div>\n            <\/div>\n\n\t\t        <!-- End: List Panel -->\n    <\/div>\n\n<\/div><\/div>\t\t\t\t<\/div>\n\t\t\t\t<\/div>\n\t\t\t\t\t<\/div>\n\t\t<\/div>\n\t\t\t\t<div class=\"elementor-column elementor-col-50 elementor-top-column elementor-element elementor-element-8534488\" data-id=\"8534488\" data-element_type=\"column\" data-e-type=\"column\">\n\t\t\t<div class=\"elementor-widget-wrap elementor-element-populated\">\n\t\t\t\t\t\t<div class=\"elementor-element elementor-element-5889e8b elementor-widget elementor-widget-thim-accordion\" data-id=\"5889e8b\" data-element_type=\"widget\" data-e-type=\"widget\" data-widget_type=\"thim-accordion.default\">\n\t\t\t\t<div class=\"elementor-widget-container\">\n\t\t\t\t\t<div class=\"thim-widget-accordion template-accordion\">\n<div class=\"thim-accordion style-1\">\n\t<h3 class=\"widget-title\">R\u00e9ponses \u00e0 des Questions Fr\u00e9quemment Pos\u00e9es sur l'Int\u00e9gration des Professionnels de la Sant\u00e9<\/h3>    <div id=\"accordion_69e45a6124bfd\" class=\"panel-group\" role=\"tablist\" aria-multiselectable=\"true\">\n        <!-- List Panel -->\n\t\t\n\t\t\t\n            <div class=\"panel panel-default\">\n                <div class=\"panel-heading\" role=\"tab\" id=\"heading_accordion_69e45a6124bfd_0\">\n                    <h4 class=\"panel-title\">\n                        <a role=\"button\" class=\"collapsed\" data-toggle=\"collapse\" data-parent=\"#accordion_69e45a6124bfd\" href=\"#collapse_accordion_69e45a6124bfd_0\" aria-expanded=\"false\" aria-controls=\"collapse_accordion_69e45a6124bfd_0\">\n\t\t\t\t\t\t\tComment puis-je faire reconna\u00eetre mes dipl\u00f4mes et qualifications en tant que professionnel de la sant\u00e9 immigrant au Qu\u00e9bec?                        <\/a>\n                    <\/h4>\n                <\/div>\n                <div id=\"collapse_accordion_69e45a6124bfd_0\" class=\"panel-collapse collapse\" role=\"tabpanel\" aria-labelledby=\"heading_accordion_69e45a6124bfd_0\">\n                    <div class=\"panel-body\">\n\t\t\t\t\t\tSant\u00e9 Diversit\u00e9 propose un service d'assistance pour la reconnaissance des dipl\u00f4mes et des qualifications \u00e9trang\u00e8res. Vous pouvez b\u00e9n\u00e9ficier d'un accompagnement personnalis\u00e9 pour naviguer les d\u00e9marches administratives et les processus d'\u00e9valuation de vos comp\u00e9tences.                    <\/div>\n                <\/div>\n            <\/div>\n\n\t\t\n\t\t\t\n            <div class=\"panel panel-default\">\n                <div class=\"panel-heading\" role=\"tab\" id=\"heading_accordion_69e45a6124bfd_1\">\n                    <h4 class=\"panel-title\">\n                        <a role=\"button\" class=\"collapsed\" data-toggle=\"collapse\" data-parent=\"#accordion_69e45a6124bfd\" href=\"#collapse_accordion_69e45a6124bfd_1\" aria-expanded=\"false\" aria-controls=\"collapse_accordion_69e45a6124bfd_1\">\n\t\t\t\t\t\t\tQuels sont les programmes de formation linguistique offerts par Sant\u00e9 Diversit\u00e9 pour les professionnels de la sant\u00e9 immigrants?                        <\/a>\n                    <\/h4>\n                <\/div>\n                <div id=\"collapse_accordion_69e45a6124bfd_1\" class=\"panel-collapse collapse\" role=\"tabpanel\" aria-labelledby=\"heading_accordion_69e45a6124bfd_1\">\n                    <div class=\"panel-body\">\n\t\t\t\t\t\tSant\u00e9 Diversit\u00e9 propose des cours de langue sp\u00e9cifiquement adapt\u00e9s aux besoins des professionnels de la sant\u00e9 immigrants, pour les aider \u00e0 am\u00e9liorer leurs comp\u00e9tences linguistiques et \u00e0 mieux communiquer dans un environnement de travail francophone.                    <\/div>\n                <\/div>\n            <\/div>\n\n\t\t\n\t\t\t\n            <div class=\"panel panel-default\">\n                <div class=\"panel-heading\" role=\"tab\" id=\"heading_accordion_69e45a6124bfd_2\">\n                    <h4 class=\"panel-title\">\n                        <a role=\"button\" class=\"collapsed\" data-toggle=\"collapse\" data-parent=\"#accordion_69e45a6124bfd\" href=\"#collapse_accordion_69e45a6124bfd_2\" aria-expanded=\"false\" aria-controls=\"collapse_accordion_69e45a6124bfd_2\">\n\t\t\t\t\t\t\tComment puis-je trouver un mentor professionnel dans le domaine de la sant\u00e9 gr\u00e2ce \u00e0 Sant\u00e9 Diversit\u00e9?                        <\/a>\n                    <\/h4>\n                <\/div>\n                <div id=\"collapse_accordion_69e45a6124bfd_2\" class=\"panel-collapse collapse\" role=\"tabpanel\" aria-labelledby=\"heading_accordion_69e45a6124bfd_2\">\n                    <div class=\"panel-body\">\n\t\t\t\t\t\tVous pouvez vous inscrire au programme de mentorat personnalis\u00e9 de Sant\u00e9 Diversit\u00e9 pour \u00eatre jumel\u00e9 avec un mentor exp\u00e9riment\u00e9 dans le domaine de la sant\u00e9. Ce mentor vous accompagnera et vous guidera dans votre int\u00e9gration professionnelle.                    <\/div>\n                <\/div>\n            <\/div>\n\n\t\t\n\t\t\t\n            <div class=\"panel panel-default\">\n                <div class=\"panel-heading\" role=\"tab\" id=\"heading_accordion_69e45a6124bfd_3\">\n                    <h4 class=\"panel-title\">\n                        <a role=\"button\" class=\"collapsed\" data-toggle=\"collapse\" data-parent=\"#accordion_69e45a6124bfd\" href=\"#collapse_accordion_69e45a6124bfd_3\" aria-expanded=\"false\" aria-controls=\"collapse_accordion_69e45a6124bfd_3\">\n\t\t\t\t\t\t\tQuels sont les avantages de participer aux ateliers et formations sp\u00e9cialis\u00e9es propos\u00e9s par Sant\u00e9 Diversit\u00e9?                        <\/a>\n                    <\/h4>\n                <\/div>\n                <div id=\"collapse_accordion_69e45a6124bfd_3\" class=\"panel-collapse collapse\" role=\"tabpanel\" aria-labelledby=\"heading_accordion_69e45a6124bfd_3\">\n                    <div class=\"panel-body\">\n\t\t\t\t\t\tLes ateliers et formations sp\u00e9cialis\u00e9es de Sant\u00e9 Diversit\u00e9 vous permettent d'acqu\u00e9rir des comp\u00e9tences interculturelles, de mieux comprendre le syst\u00e8me de sant\u00e9 qu\u00e9b\u00e9cois, et de vous pr\u00e9parer \u00e0 r\u00e9ussir dans votre domaine de la sant\u00e9 en tant que professionnel immigrant.                    <\/div>\n                <\/div>\n            <\/div>\n\n\t\t\n\t\t\t\n            <div class=\"panel panel-default\">\n                <div class=\"panel-heading\" role=\"tab\" id=\"heading_accordion_69e45a6124bfd_4\">\n                    <h4 class=\"panel-title\">\n                        <a role=\"button\" class=\"collapsed\" data-toggle=\"collapse\" data-parent=\"#accordion_69e45a6124bfd\" href=\"#collapse_accordion_69e45a6124bfd_4\" aria-expanded=\"false\" aria-controls=\"collapse_accordion_69e45a6124bfd_4\">\n\t\t\t\t\t\t\tComment puis-je en savoir plus sur les opportunit\u00e9s d'emploi dans le secteur de la sant\u00e9 au Qu\u00e9bec en tant que professionnel de la sant\u00e9 immigrant?                        <\/a>\n                    <\/h4>\n                <\/div>\n                <div id=\"collapse_accordion_69e45a6124bfd_4\" class=\"panel-collapse collapse\" role=\"tabpanel\" aria-labelledby=\"heading_accordion_69e45a6124bfd_4\">\n                    <div class=\"panel-body\">\n\t\t\t\t\t\tSant\u00e9 Diversit\u00e9 propose des services d'orientation professionnelle et des partenariats avec des employeurs pour faciliter votre recherche d'emploi dans le secteur de la sant\u00e9 au Qu\u00e9bec. Vous pouvez \u00e9galement consulter les offres d'emploi sur notre site web ou contacter notre \u00e9quipe pour obtenir des conseils personnalis\u00e9s.                    <\/div>\n                <\/div>\n            <\/div>\n\n\t\t        <!-- End: List Panel -->\n    <\/div>\n\n<\/div><\/div>\t\t\t\t<\/div>\n\t\t\t\t<\/div>\n\t\t\t\t\t<\/div>\n\t\t<\/div>\n\t\t\t\t\t<\/div>\n\t\t<\/section>\n\t\t<div class=\"elementor-element elementor-element-8ea3d14 e-flex e-con-boxed e-con e-parent\" data-id=\"8ea3d14\" data-element_type=\"container\" data-e-type=\"container\">\n\t\t\t\t\t<div class=\"e-con-inner\">\n\t\t\t\t<div class=\"elementor-element elementor-element-52a2481 elementor-widget elementor-widget-text-editor\" data-id=\"52a2481\" data-element_type=\"widget\" data-e-type=\"widget\" data-widget_type=\"text-editor.default\">\n\t\t\t\t<div class=\"elementor-widget-container\">\n\t\t\t\t\t\t\t\t\t<h5><span style=\"font-weight: 400;\">N'h\u00e9sitez pas \u00e0 contacter Sant\u00e9 Diversit\u00e9 pour obtenir des r\u00e9ponses personnalis\u00e9es \u00e0 vos questions sur l'int\u00e9gration professionnelle des professionnels de la sant\u00e9 immigrants au Qu\u00e9bec.<\/span><\/h5>\t\t\t\t\t\t\t\t<\/div>\n\t\t\t\t<\/div>\n\t\t\t\t\t<\/div>\n\t\t\t\t<\/div>\n\t\t\t\t<\/div>","protected":false},"excerpt":{"rendered":"<p>FAQs about Onboarding Healthcare Professionals What programs does Sant\u00e9 Diversit\u00e9 offer? To aid in the integration of immigrant healthcare professionals, Sant\u00e9 Diversit\u00e9 offers professional development programs, personalized mentoring services, training on diversity and inclusion in healthcare, training on the recognition of degrees and qualifications, as well as specialized workshops and [&hellip;]<\/p>\n","protected":false},"author":1,"featured_media":0,"parent":0,"menu_order":0,"comment_status":"closed","ping_status":"closed","template":"","meta":{"_piecal_is_event":false,"_piecal_start_date":"","_piecal_end_date":"","_piecal_is_allday":false,"_monsterinsights_skip_tracking":false,"_monsterinsights_sitenote_active":false,"_monsterinsights_sitenote_note":"","_monsterinsights_sitenote_category":0,"footnotes":""},"class_list":["post-5698","page","type-page","status-publish","hentry"],"_hostinger_reach_plugin_has_subscription_block":false,"_hostinger_reach_plugin_is_elementor":false,"_links":{"self":[{"href":"https:\/\/santediversite.org\/fr\/wp-json\/wp\/v2\/pages\/5698","targetHints":{"allow":["GET"]}}],"collection":[{"href":"https:\/\/santediversite.org\/fr\/wp-json\/wp\/v2\/pages"}],"about":[{"href":"https:\/\/santediversite.org\/fr\/wp-json\/wp\/v2\/types\/page"}],"author":[{"embeddable":true,"href":"https:\/\/santediversite.org\/fr\/wp-json\/wp\/v2\/users\/1"}],"replies":[{"embeddable":true,"href":"https:\/\/santediversite.org\/fr\/wp-json\/wp\/v2\/comments?post=5698"}],"version-history":[{"count":6,"href":"https:\/\/santediversite.org\/fr\/wp-json\/wp\/v2\/pages\/5698\/revisions"}],"predecessor-version":[{"id":6576,"href":"https:\/\/santediversite.org\/fr\/wp-json\/wp\/v2\/pages\/5698\/revisions\/6576"}],"wp:attachment":[{"href":"https:\/\/santediversite.org\/fr\/wp-json\/wp\/v2\/media?parent=5698"}],"curies":[{"name":"wp","href":"https:\/\/api.w.org\/{rel}","templated":true}]}}