{"id":5705,"date":"2019-05-07T13:23:49","date_gmt":"2019-05-07T13:23:49","guid":{"rendered":"http:\/\/charitywp.thimpress.com\/elementer-3\/?page_id=5705"},"modified":"2025-07-21T14:45:13","modified_gmt":"2025-07-21T14:45:13","slug":"our-team","status":"publish","type":"page","link":"https:\/\/santediversite.org\/fr\/our-team\/","title":{"rendered":"Notre \u00e9quipe"},"content":{"rendered":"<div data-elementor-type=\"wp-post\" data-elementor-id=\"5705\" class=\"elementor elementor-5705\">\n\t\t\t\t<div class=\"elementor-element elementor-element-26632b9 e-flex e-con-boxed e-con e-parent\" data-id=\"26632b9\" data-element_type=\"container\" data-e-type=\"container\">\n\t\t\t\t\t<div class=\"e-con-inner\">\n\t\t\t\t<div class=\"elementor-element elementor-element-e9fcea4 elementor-widget elementor-widget-thim-heading\" data-id=\"e9fcea4\" data-element_type=\"widget\" data-e-type=\"widget\" data-widget_type=\"thim-heading.default\">\n\t\t\t\t<div class=\"elementor-widget-container\">\n\t\t\t\t\t<div class=\"thim-widget-heading template-heading\"><div class=\"thim-heading text-center\"><div class=\"sc-heading article_heading\" style=\";\"><h3 class=\"heading__primary wrapper-line-heading\"><span><\/span><span>Notre \u00c9quipe<\/span><span><\/span><\/h3><span class=\"line-heading\" ><\/span><\/div><\/div><\/div>\t\t\t\t<\/div>\n\t\t\t\t<\/div>\n\t\t\t\t\t<\/div>\n\t\t\t\t<\/div>\n\t\t<div class=\"elementor-element elementor-element-db10e3a e-flex e-con-boxed e-con e-parent\" data-id=\"db10e3a\" data-element_type=\"container\" data-e-type=\"container\">\n\t\t\t\t\t<div class=\"e-con-inner\">\n\t\t\t\t<div class=\"elementor-element elementor-element-603907c elementor-widget elementor-widget-thim-team\" data-id=\"603907c\" data-element_type=\"widget\" data-e-type=\"widget\" data-widget_type=\"thim-team.default\">\n\t\t\t\t<div class=\"elementor-widget-container\">\n\t\t\t\t\t<div class=\"thim-widget-team template-team\">\n\t<div class=\"thim-our-team\">\n\t\t<div class=\"row members\">\n\t\t\t<div class=\"member col-xs-6 col-md-4\">\t<div class=\"inner\"> \t\t<div class=\"info\">\t\t\t<div class=\"name\"><a href=\"https:\/\/santediversite.org\/fr\/our_team\/marie-yamoule-jeudy\/\"> Marie Yamoule Jeudy - Co-fondateur et Pr\u00e9sident <\/a><\/div><div class=\"regency\">Founder and President<\/div>\t\t<\/div>\t<\/div><\/div><div class=\"member col-xs-6 col-md-4\">\t<div class=\"inner\"> \t\t<div class=\"info\">\t\t\t<div class=\"name\"><a href=\"https:\/\/santediversite.org\/fr\/our_team\/godson-bonjean\/\"> Godson Bonjean \u2013 Human Resources Coordinator <\/a><\/div><div class=\"regency\">Partnerships Manager<\/div>\t\t<\/div>\t<\/div><\/div><div class=\"member col-xs-6 col-md-4\">\t<div class=\"inner\"> \t\t<div class=\"info\">\t\t\t<div class=\"name\"><a href=\"https:\/\/santediversite.org\/fr\/our_team\/danide-torchon-hyppolite\/\"> Danide Torchon Hyppolite \u2013 Health and Diversity Consultant <\/a><\/div><div class=\"regency\">Health and Diversity Consultant<\/div>\t\t<\/div>\t<\/div><\/div><div class=\"member col-xs-6 col-md-4\">\t<div class=\"inner\"> \t\t<div class=\"info\">\t\t\t<div class=\"name\"><a href=\"https:\/\/santediversite.org\/fr\/our_team\/herve-bojean\/\"> Herv\u00e9 Bojean \u2013 Partnerships Manager <\/a><\/div><div class=\"regency\">Communications Coordinator<\/div>\t\t<\/div>\t<\/div><\/div><div class=\"member col-xs-6 col-md-4\">\t<div class=\"inner\"> \t\t<div class=\"info\">\t\t\t<div class=\"name\"><a href=\"https:\/\/santediversite.org\/fr\/our_team\/marie-youdie-nord\/\"> Marie Youdie Nord \u2013 Co-Founder and Program Director <\/a><\/div><div class=\"regency\">Human Resources Coordinator<\/div>\t\t<\/div>\t<\/div><\/div>\t\t<\/div>\n\t<\/div>\n<\/div>\t\t\t\t<\/div>\n\t\t\t\t<\/div>\n\t\t\t\t\t<\/div>\n\t\t\t\t<\/div>\n\t\t<div class=\"elementor-element elementor-element-f0f2d14 e-flex e-con-boxed e-con e-parent\" data-id=\"f0f2d14\" data-element_type=\"container\" data-e-type=\"container\">\n\t\t\t\t\t<div class=\"e-con-inner\">\n\t\t\t\t<div class=\"elementor-element elementor-element-d8ffacd elementor-widget elementor-widget-text-editor\" data-id=\"d8ffacd\" data-element_type=\"widget\" data-e-type=\"widget\" data-widget_type=\"text-editor.default\">\n\t\t\t\t<div class=\"elementor-widget-container\">\n\t\t\t\t\t\t\t\t\t<p>Ces membres de l\u2019\u00e9quipe Sant\u00e9 Diversit\u00e9 apportent une expertise diversifi\u00e9e, un engagement passionn\u00e9 et un d\u00e9vouement \u00e0 la mission de l\u2019organisation. Leur leadership et leur collaboration sont essentiels pour soutenir les programmes, partenariats et initiatives visant \u00e0 promouvoir la diversit\u00e9 et l\u2019inclusion dans les soins de sant\u00e9.<\/p>\t\t\t\t\t\t\t\t<\/div>\n\t\t\t\t<\/div>\n\t\t\t\t\t<\/div>\n\t\t\t\t<\/div>\n\t\t\t\t<\/div>","protected":false},"excerpt":{"rendered":"<p>Meet our team Dr. Yamoulta Paticool Founder and President Marie-Yam Lebonjeu Director of Programs Gody Bee Partnerships Manager Dr. Tedji Chen Health and Diversity Consultant Roro JnP Communications Coordinator Lukarne Sage Human Resources Coordinator These key members of the Sant\u00e9 Diversit\u00e9 team bring diverse expertise, passionate commitment, and dedication to [&hellip;]<\/p>\n","protected":false},"author":1,"featured_media":0,"parent":0,"menu_order":0,"comment_status":"closed","ping_status":"closed","template":"","meta":{"_piecal_is_event":false,"_piecal_start_date":"","_piecal_end_date":"","_piecal_is_allday":false,"_monsterinsights_skip_tracking":false,"_monsterinsights_sitenote_active":false,"_monsterinsights_sitenote_note":"","_monsterinsights_sitenote_category":0,"footnotes":""},"class_list":["post-5705","page","type-page","status-publish","hentry"],"_hostinger_reach_plugin_has_subscription_block":false,"_hostinger_reach_plugin_is_elementor":false,"_links":{"self":[{"href":"https:\/\/santediversite.org\/fr\/wp-json\/wp\/v2\/pages\/5705","targetHints":{"allow":["GET"]}}],"collection":[{"href":"https:\/\/santediversite.org\/fr\/wp-json\/wp\/v2\/pages"}],"about":[{"href":"https:\/\/santediversite.org\/fr\/wp-json\/wp\/v2\/types\/page"}],"author":[{"embeddable":true,"href":"https:\/\/santediversite.org\/fr\/wp-json\/wp\/v2\/users\/1"}],"replies":[{"embeddable":true,"href":"https:\/\/santediversite.org\/fr\/wp-json\/wp\/v2\/comments?post=5705"}],"version-history":[{"count":12,"href":"https:\/\/santediversite.org\/fr\/wp-json\/wp\/v2\/pages\/5705\/revisions"}],"predecessor-version":[{"id":6403,"href":"https:\/\/santediversite.org\/fr\/wp-json\/wp\/v2\/pages\/5705\/revisions\/6403"}],"wp:attachment":[{"href":"https:\/\/santediversite.org\/fr\/wp-json\/wp\/v2\/media?parent=5705"}],"curies":[{"name":"wp","href":"https:\/\/api.w.org\/{rel}","templated":true}]}}