{"id":6178,"date":"2025-05-24T20:46:21","date_gmt":"2025-05-24T20:46:21","guid":{"rendered":"https:\/\/santediversite.org\/resources\/"},"modified":"2025-08-04T21:08:34","modified_gmt":"2025-08-05T01:08:34","slug":"resources","status":"publish","type":"page","link":"https:\/\/santediversite.org\/fr\/resources\/","title":{"rendered":"Ressources"},"content":{"rendered":"<div data-elementor-type=\"wp-page\" data-elementor-id=\"6178\" class=\"elementor elementor-6178\">\n\t\t\t\t<div class=\"elementor-element elementor-element-43bf0a95 e-flex e-con-boxed e-con e-parent\" data-id=\"43bf0a95\" data-element_type=\"container\" data-e-type=\"container\">\n\t\t\t\t\t<div class=\"e-con-inner\">\n\t\t\t\t<div class=\"elementor-element elementor-element-25e51e30 elementor-widget elementor-widget-text-editor\" data-id=\"25e51e30\" data-element_type=\"widget\" data-e-type=\"widget\" data-widget_type=\"text-editor.default\">\n\t\t\t\t<div class=\"elementor-widget-container\">\n\t\t\t\t\t\t\t\t\t<h2 dir=\"auto\">Nos Ressources<\/h2><p class=\"body\" dir=\"auto\">Dans un monde o\u00f9 la sant\u00e9 et la diversit\u00e9 sont des enjeux majeurs, il est essentiel de rassembler diverses ressources pour fournir des informations pertinentes aux membres de la communaut\u00e9. Ces ressources peuvent inclure des articles de recherche, des t\u00e9moignages, des guides pratiques, ainsi que du mat\u00e9riel \u00e9ducatif sur la sant\u00e9 physique et mentale. En int\u00e9grant des perspectives diverses, nous pouvons promouvoir une meilleure compr\u00e9hension des d\u00e9fis auxquels sont confront\u00e9s les individus de diff\u00e9rents horizons. C\u2019est en partageant ces informations que nous contribuons \u00e0 cr\u00e9er un environnement inclusif et inform\u00e9, o\u00f9 chacun peut acc\u00e9der \u00e0 des conseils et des pratiques adapt\u00e9s \u00e0 ses besoins sp\u00e9cifiques. L\u2019objectif est d\u2019encourager une approche holistique de la sant\u00e9, valorisant toutes les voix et exp\u00e9riences.<\/p><p dir=\"auto\">\u00a0<\/p><p data-start=\"513\" data-end=\"675\">Que vous soyez \u00e0 la recherche de conseils pratiques, d\u2019histoires personnelles ou d\u2019opportunit\u00e9s \u00e0 venir, vous trouverez ici des outils pr\u00e9cieux pour vous aider \u00e0 rester inform\u00e9 et connect\u00e9.<\/p><ul data-start=\"677\" data-end=\"1405\"><li data-start=\"677\" data-end=\"867\"><p data-start=\"679\" data-end=\"867\"><strong data-start=\"679\" data-end=\"688\">Blogs<\/strong>\u00a0: D\u00e9couvrez des articles r\u00e9fl\u00e9chis, des id\u00e9es d\u2019experts et des pratiques exemplaires sur des sujets li\u00e9s \u00e0 la diversit\u00e9 en mati\u00e8re de soins de sant\u00e9, l\u2019int\u00e9gration professionnelle, les mises \u00e0 jour de politiques et la comp\u00e9tence culturelle.<\/p><\/li><li data-start=\"868\" data-end=\"1033\"><p data-start=\"870\" data-end=\"1033\"><strong data-start=\"870\" data-end=\"878\">FAQs<\/strong>\u00a0: Vous avez des questions ? Notre foire aux questions aborde les pr\u00e9occupations courantes concernant la reconnaissance des titres de comp\u00e9tences, les parcours d\u2019emploi, la formation linguistique, et plus encore.<\/p><\/li><li data-start=\"1034\" data-end=\"1245\"><p data-start=\"1036\" data-end=\"1245\"><strong data-start=\"1036\" data-end=\"1062\">T\u00e9moignages des B\u00e9n\u00e9ficiaires<\/strong>\u00a0: Apprenez des exp\u00e9riences r\u00e9elles des professionnels de la sant\u00e9 qui ont navigu\u00e9 dans le parcours d\u2019int\u00e9gration et d\u2019inclusion. Leurs histoires offrent encouragement, perspicacit\u00e9 et communaut\u00e9.<\/p><\/li><li data-start=\"1246\" data-end=\"1405\"><p data-start=\"1248\" data-end=\"1405\"><strong data-start=\"1248\" data-end=\"1260\">Calendrier<\/strong>\u00a0: Restez \u00e0 jour avec les dates cl\u00e9s des ateliers, sessions de formation, s\u00e9minaires et \u00e9v\u00e9nements visant le d\u00e9veloppement professionnel et la sensibilisation<\/p><\/li><\/ul><p data-start=\"1407\" data-end=\"1559\">Nous vous invitons \u00e0 explorer ces ressources \u00e0 votre propre rythme et \u00e0 revenir souvent alors que nous continuons d\u2019\u00e9largir et de mettre \u00e0 jour cette section pour r\u00e9pondre \u00e0 vos besoins en \u00e9volution.<\/p>\t\t\t\t\t\t\t\t<\/div>\n\t\t\t\t<\/div>\n\t\t\t\t\t<\/div>\n\t\t\t\t<\/div>\n\t\t\t\t<\/div>","protected":false},"excerpt":{"rendered":"<p>Our various resources In a world where health and diversity are major issues, it is essential to bring together various resources to provide relevant information to community members. These resources can include research articles, testimonials, practical guides, as well as educational materials on physical and mental health. By integrating diverse [&hellip;]<\/p>\n","protected":false},"author":1,"featured_media":0,"parent":0,"menu_order":0,"comment_status":"closed","ping_status":"closed","template":"","meta":{"_piecal_is_event":false,"_piecal_start_date":"","_piecal_end_date":"","_piecal_is_allday":false,"_monsterinsights_skip_tracking":false,"_monsterinsights_sitenote_active":false,"_monsterinsights_sitenote_note":"","_monsterinsights_sitenote_category":0,"footnotes":""},"class_list":["post-6178","page","type-page","status-publish","hentry"],"_hostinger_reach_plugin_has_subscription_block":false,"_hostinger_reach_plugin_is_elementor":false,"_links":{"self":[{"href":"https:\/\/santediversite.org\/fr\/wp-json\/wp\/v2\/pages\/6178","targetHints":{"allow":["GET"]}}],"collection":[{"href":"https:\/\/santediversite.org\/fr\/wp-json\/wp\/v2\/pages"}],"about":[{"href":"https:\/\/santediversite.org\/fr\/wp-json\/wp\/v2\/types\/page"}],"author":[{"embeddable":true,"href":"https:\/\/santediversite.org\/fr\/wp-json\/wp\/v2\/users\/1"}],"replies":[{"embeddable":true,"href":"https:\/\/santediversite.org\/fr\/wp-json\/wp\/v2\/comments?post=6178"}],"version-history":[{"count":9,"href":"https:\/\/santediversite.org\/fr\/wp-json\/wp\/v2\/pages\/6178\/revisions"}],"predecessor-version":[{"id":6590,"href":"https:\/\/santediversite.org\/fr\/wp-json\/wp\/v2\/pages\/6178\/revisions\/6590"}],"wp:attachment":[{"href":"https:\/\/santediversite.org\/fr\/wp-json\/wp\/v2\/media?parent=6178"}],"curies":[{"name":"wp","href":"https:\/\/api.w.org\/{rel}","templated":true}]}}