{"id":6367,"date":"2025-07-17T19:10:29","date_gmt":"2025-07-17T19:10:29","guid":{"rendered":"https:\/\/santediversite.org\/?page_id=6367"},"modified":"2025-10-18T12:38:01","modified_gmt":"2025-10-18T16:38:01","slug":"our-programs","status":"publish","type":"page","link":"https:\/\/santediversite.org\/fr\/our-programs\/","title":{"rendered":"Nos Programmes"},"content":{"rendered":"<div data-elementor-type=\"wp-page\" data-elementor-id=\"6367\" class=\"elementor elementor-6367\">\n\t\t\t\t<div class=\"elementor-element elementor-element-59cf00e e-flex e-con-boxed e-con e-parent\" data-id=\"59cf00e\" data-element_type=\"container\" data-e-type=\"container\">\n\t\t\t\t\t<div class=\"e-con-inner\">\n\t\t\t\t<div class=\"elementor-element elementor-element-d842539 elementor-widget elementor-widget-text-editor\" data-id=\"d842539\" data-element_type=\"widget\" data-e-type=\"widget\" data-widget_type=\"text-editor.default\">\n\t\t\t\t<div class=\"elementor-widget-container\">\n\t\t\t\t\t\t\t\t\t<h4><span style=\"font-weight: 400;\">Acc\u00e9dez \u00e0 nos programmes de soutien et de mentorat sp\u00e9cialement con\u00e7us pour les professionnels de la sant\u00e9 issus de l\u2019immigration. B\u00e9n\u00e9ficiez de formations, de ressources et de conseils pour r\u00e9ussir votre int\u00e9gration sur le march\u00e9 du travail qu\u00e9b\u00e9cois. Trouvez plus d\u2019informations sur nos programmes ci-dessous.\u00a0<\/span><\/h4>\t\t\t\t\t\t\t\t<\/div>\n\t\t\t\t<\/div>\n\t\t\t\t\t<\/div>\n\t\t\t\t<\/div>\n\t\t<div class=\"elementor-element elementor-element-86ee524 e-flex e-con-boxed e-con e-parent\" data-id=\"86ee524\" data-element_type=\"container\" data-e-type=\"container\">\n\t\t\t\t\t<div class=\"e-con-inner\">\n\t\t<div class=\"elementor-element elementor-element-57046a1 e-con-full e-flex e-con e-child\" data-id=\"57046a1\" data-element_type=\"container\" data-e-type=\"container\">\n\t\t\t\t<div class=\"elementor-element elementor-element-0738823 elementor-widget elementor-widget-image\" data-id=\"0738823\" data-element_type=\"widget\" data-e-type=\"widget\" data-widget_type=\"image.default\">\n\t\t\t\t<div class=\"elementor-widget-container\">\n\t\t\t\t\t\t\t\t\t\t\t\t\t\t\t<img fetchpriority=\"high\" decoding=\"async\" width=\"640\" height=\"425\" src=\"https:\/\/santediversite.org\/wp-content\/uploads\/2025\/07\/Screenshot-2025-07-22-at-5.30.34\u202fPM-1024x680.png\" class=\"attachment-large size-large wp-image-6460\" alt=\"\" srcset=\"https:\/\/santediversite.org\/wp-content\/uploads\/2025\/07\/Screenshot-2025-07-22-at-5.30.34\u202fPM-1024x680.png 1024w, https:\/\/santediversite.org\/wp-content\/uploads\/2025\/07\/Screenshot-2025-07-22-at-5.30.34\u202fPM-300x199.png 300w, https:\/\/santediversite.org\/wp-content\/uploads\/2025\/07\/Screenshot-2025-07-22-at-5.30.34\u202fPM-768x510.png 768w, https:\/\/santediversite.org\/wp-content\/uploads\/2025\/07\/Screenshot-2025-07-22-at-5.30.34\u202fPM-1536x1021.png 1536w, https:\/\/santediversite.org\/wp-content\/uploads\/2025\/07\/Screenshot-2025-07-22-at-5.30.34\u202fPM-2048x1361.png 2048w, https:\/\/santediversite.org\/wp-content\/uploads\/2025\/07\/Screenshot-2025-07-22-at-5.30.34\u202fPM-600x399.png 600w\" sizes=\"(max-width: 640px) 100vw, 640px\" \/>\t\t\t\t\t\t\t\t\t\t\t\t\t\t\t<\/div>\n\t\t\t\t<\/div>\n\t\t\t\t<\/div>\n\t\t<div class=\"elementor-element elementor-element-c2e462b e-con-full e-flex e-con e-child\" data-id=\"c2e462b\" data-element_type=\"container\" data-e-type=\"container\">\n\t\t\t\t<div class=\"elementor-element elementor-element-0034a7d elementor-widget elementor-widget-text-editor\" data-id=\"0034a7d\" data-element_type=\"widget\" data-e-type=\"widget\" data-widget_type=\"text-editor.default\">\n\t\t\t\t<div class=\"elementor-widget-container\">\n\t\t\t\t\t\t\t\t\t<h2><strong>Programme de Mise \u00e0 Niveau Professionnelle<\/strong><\/h2><p>Ce programme offre aux professionnels de la sant\u00e9 immigrants une formation cibl\u00e9e pour r\u00e9pondre aux normes professionnelles du Qu\u00e9bec. Il comprend des cours de langue, une formation pratique, la pr\u00e9paration aux examens et le mentorat, aidant les participants \u00e0 renforcer leurs comp\u00e9tences et \u00e0 entrer avec succ\u00e8s sur le march\u00e9 du travail local.<\/p>\t\t\t\t\t\t\t\t<\/div>\n\t\t\t\t<\/div>\n\t\t\t\t<\/div>\n\t\t\t\t\t<\/div>\n\t\t\t\t<\/div>\n\t\t<div class=\"elementor-element elementor-element-7e06926 e-flex e-con-boxed e-con e-parent\" data-id=\"7e06926\" data-element_type=\"container\" data-e-type=\"container\">\n\t\t\t\t\t<div class=\"e-con-inner\">\n\t\t<div class=\"elementor-element elementor-element-934f2ee e-con-full e-flex e-con e-child\" data-id=\"934f2ee\" data-element_type=\"container\" data-e-type=\"container\">\n\t\t\t\t<div class=\"elementor-element elementor-element-75a69d7 elementor-widget elementor-widget-text-editor\" data-id=\"75a69d7\" data-element_type=\"widget\" data-e-type=\"widget\" data-widget_type=\"text-editor.default\">\n\t\t\t\t<div class=\"elementor-widget-container\">\n\t\t\t\t\t\t\t\t\t<h2><strong>Service de Mentorat Personnalis\u00e9<\/strong><\/h2><p>Ce service met en relation des professionnels de sant\u00e9 immigrants avec des mentors exp\u00e9riment\u00e9s pour un soutien individuel. Gr\u00e2ce \u00e0 des s\u00e9ances de coaching et d\u2019orientation sur la navigation dans le syst\u00e8me de sant\u00e9 du Qu\u00e9bec, les participants acqui\u00e8rent des connaissances pr\u00e9cieuses, renforcent leur confiance en eux et facilitent leur int\u00e9gration professionnelle et culturelle.<\/p>\t\t\t\t\t\t\t\t<\/div>\n\t\t\t\t<\/div>\n\t\t\t\t<\/div>\n\t\t<div class=\"elementor-element elementor-element-21823c8 e-con-full e-flex e-con e-child\" data-id=\"21823c8\" data-element_type=\"container\" data-e-type=\"container\">\n\t\t\t\t<div class=\"elementor-element elementor-element-060ca48 elementor-widget elementor-widget-image\" data-id=\"060ca48\" data-element_type=\"widget\" data-e-type=\"widget\" data-widget_type=\"image.default\">\n\t\t\t\t<div class=\"elementor-widget-container\">\n\t\t\t\t\t\t\t\t\t\t\t\t\t\t\t<img decoding=\"async\" width=\"640\" height=\"422\" src=\"https:\/\/santediversite.org\/wp-content\/uploads\/2025\/07\/Screenshot-2025-07-22-at-5.33.12\u202fPM-1024x675.png\" class=\"attachment-large size-large wp-image-6461\" alt=\"\" srcset=\"https:\/\/santediversite.org\/wp-content\/uploads\/2025\/07\/Screenshot-2025-07-22-at-5.33.12\u202fPM-1024x675.png 1024w, https:\/\/santediversite.org\/wp-content\/uploads\/2025\/07\/Screenshot-2025-07-22-at-5.33.12\u202fPM-300x198.png 300w, https:\/\/santediversite.org\/wp-content\/uploads\/2025\/07\/Screenshot-2025-07-22-at-5.33.12\u202fPM-768x506.png 768w, https:\/\/santediversite.org\/wp-content\/uploads\/2025\/07\/Screenshot-2025-07-22-at-5.33.12\u202fPM-600x395.png 600w, https:\/\/santediversite.org\/wp-content\/uploads\/2025\/07\/Screenshot-2025-07-22-at-5.33.12\u202fPM.png 1490w\" sizes=\"(max-width: 640px) 100vw, 640px\" \/>\t\t\t\t\t\t\t\t\t\t\t\t\t\t\t<\/div>\n\t\t\t\t<\/div>\n\t\t\t\t<\/div>\n\t\t\t\t\t<\/div>\n\t\t\t\t<\/div>\n\t\t<div class=\"elementor-element elementor-element-7ecda17 e-flex e-con-boxed e-con e-parent\" data-id=\"7ecda17\" data-element_type=\"container\" data-e-type=\"container\">\n\t\t\t\t\t<div class=\"e-con-inner\">\n\t\t<div class=\"elementor-element elementor-element-3019932 e-con-full e-flex e-con e-child\" data-id=\"3019932\" data-element_type=\"container\" data-e-type=\"container\">\n\t\t\t\t<div class=\"elementor-element elementor-element-cba9e5f elementor-widget elementor-widget-image\" data-id=\"cba9e5f\" data-element_type=\"widget\" data-e-type=\"widget\" data-widget_type=\"image.default\">\n\t\t\t\t<div class=\"elementor-widget-container\">\n\t\t\t\t\t\t\t\t\t\t\t\t\t\t\t<img decoding=\"async\" width=\"640\" height=\"424\" src=\"https:\/\/santediversite.org\/wp-content\/uploads\/2025\/07\/Screenshot-2025-07-22-at-5.35.50\u202fPM-1024x679.png\" class=\"attachment-large size-large wp-image-6463\" alt=\"\" srcset=\"https:\/\/santediversite.org\/wp-content\/uploads\/2025\/07\/Screenshot-2025-07-22-at-5.35.50\u202fPM-1024x679.png 1024w, https:\/\/santediversite.org\/wp-content\/uploads\/2025\/07\/Screenshot-2025-07-22-at-5.35.50\u202fPM-300x199.png 300w, https:\/\/santediversite.org\/wp-content\/uploads\/2025\/07\/Screenshot-2025-07-22-at-5.35.50\u202fPM-768x509.png 768w, https:\/\/santediversite.org\/wp-content\/uploads\/2025\/07\/Screenshot-2025-07-22-at-5.35.50\u202fPM-600x398.png 600w, https:\/\/santediversite.org\/wp-content\/uploads\/2025\/07\/Screenshot-2025-07-22-at-5.35.50\u202fPM.png 1488w\" sizes=\"(max-width: 640px) 100vw, 640px\" \/>\t\t\t\t\t\t\t\t\t\t\t\t\t\t\t<\/div>\n\t\t\t\t<\/div>\n\t\t\t\t<\/div>\n\t\t<div class=\"elementor-element elementor-element-eeb32cf e-con-full e-flex e-con e-child\" data-id=\"eeb32cf\" data-element_type=\"container\" data-e-type=\"container\">\n\t\t\t\t<div class=\"elementor-element elementor-element-ccc886a elementor-widget elementor-widget-text-editor\" data-id=\"ccc886a\" data-element_type=\"widget\" data-e-type=\"widget\" data-widget_type=\"text-editor.default\">\n\t\t\t\t<div class=\"elementor-widget-container\">\n\t\t\t\t\t\t\t\t\t<h2><strong>Formation sur la Diversit\u00e9 et l'Inclusion en Sant\u00e9<\/strong><\/h2><p>Notre programme propose des formations cibl\u00e9es pour promouvoir la diversit\u00e9 et l\u2019inclusion dans les milieux de soins. Gr\u00e2ce \u00e0 des ateliers stimulants et aux pratiques exemplaires fond\u00e9es sur des donn\u00e9es probantes, les participants apprendront comment favoriser des milieux de travail inclusifs qui favorisent l\u2019int\u00e9gration de professionnels d\u2019origines diverses. Cette formation est id\u00e9ale pour les employeurs et les praticiens de la sant\u00e9 qui cherchent \u00e0 cr\u00e9er des environnements plus accueillants, \u00e9quitables et culturellement adapt\u00e9s. Les participants peuvent s\u2019attendre \u00e0 obtenir des informations et des outils pr\u00e9cieux qui am\u00e9liorent la dynamique d\u2019\u00e9quipe et am\u00e9liorent les soins aux patients.<\/p>\t\t\t\t\t\t\t\t<\/div>\n\t\t\t\t<\/div>\n\t\t\t\t<\/div>\n\t\t\t\t\t<\/div>\n\t\t\t\t<\/div>\n\t\t<div class=\"elementor-element elementor-element-d9d957c e-flex e-con-boxed e-con e-parent\" data-id=\"d9d957c\" data-element_type=\"container\" data-e-type=\"container\">\n\t\t\t\t\t<div class=\"e-con-inner\">\n\t\t<div class=\"elementor-element elementor-element-c363485 e-con-full e-flex e-con e-child\" data-id=\"c363485\" data-element_type=\"container\" data-e-type=\"container\">\n\t\t\t\t<div class=\"elementor-element elementor-element-7df27b6 elementor-widget elementor-widget-text-editor\" data-id=\"7df27b6\" data-element_type=\"widget\" data-e-type=\"widget\" data-widget_type=\"text-editor.default\">\n\t\t\t\t<div class=\"elementor-widget-container\">\n\t\t\t\t\t\t\t\t\t<h2><strong>Reconnaissance des Dipl\u00f4mes et des Qualifications<\/strong><\/h2><p>Ce service aide les professionnels de la sant\u00e9 immigrants \u00e0 naviguer dans le processus de reconnaissance de leurs titres de comp\u00e9tences \u00e9trangers au Qu\u00e9bec. Il offre des conseils sur les \u00e9tapes administratives, un soutien pour les \u00e9valuations de comp\u00e9tences et des conseils d\u2019experts, ce qui facilite l\u2019acc\u00e8s au march\u00e9 du travail et la reconnaissance de l\u2019exp\u00e9rience internationale.<\/p>\t\t\t\t\t\t\t\t<\/div>\n\t\t\t\t<\/div>\n\t\t\t\t<\/div>\n\t\t<div class=\"elementor-element elementor-element-aebea97 e-con-full e-flex e-con e-child\" data-id=\"aebea97\" data-element_type=\"container\" data-e-type=\"container\">\n\t\t\t\t<div class=\"elementor-element elementor-element-09c8b05 elementor-widget elementor-widget-image\" data-id=\"09c8b05\" data-element_type=\"widget\" data-e-type=\"widget\" data-widget_type=\"image.default\">\n\t\t\t\t<div class=\"elementor-widget-container\">\n\t\t\t\t\t\t\t\t\t\t\t\t\t\t\t<img loading=\"lazy\" decoding=\"async\" width=\"640\" height=\"423\" src=\"https:\/\/santediversite.org\/wp-content\/uploads\/2025\/07\/Screenshot-2025-07-22-at-5.37.02\u202fPM-1024x676.png\" class=\"attachment-large size-large wp-image-6464\" alt=\"\" srcset=\"https:\/\/santediversite.org\/wp-content\/uploads\/2025\/07\/Screenshot-2025-07-22-at-5.37.02\u202fPM-1024x676.png 1024w, https:\/\/santediversite.org\/wp-content\/uploads\/2025\/07\/Screenshot-2025-07-22-at-5.37.02\u202fPM-300x198.png 300w, https:\/\/santediversite.org\/wp-content\/uploads\/2025\/07\/Screenshot-2025-07-22-at-5.37.02\u202fPM-768x507.png 768w, https:\/\/santediversite.org\/wp-content\/uploads\/2025\/07\/Screenshot-2025-07-22-at-5.37.02\u202fPM-600x396.png 600w, https:\/\/santediversite.org\/wp-content\/uploads\/2025\/07\/Screenshot-2025-07-22-at-5.37.02\u202fPM.png 1476w\" sizes=\"(max-width: 640px) 100vw, 640px\" \/>\t\t\t\t\t\t\t\t\t\t\t\t\t\t\t<\/div>\n\t\t\t\t<\/div>\n\t\t\t\t<\/div>\n\t\t\t\t\t<\/div>\n\t\t\t\t<\/div>\n\t\t<div class=\"elementor-element elementor-element-03f72cb e-flex e-con-boxed e-con e-parent\" data-id=\"03f72cb\" data-element_type=\"container\" data-e-type=\"container\">\n\t\t\t\t\t<div class=\"e-con-inner\">\n\t\t<div class=\"elementor-element elementor-element-2b8cc00 e-con-full e-flex e-con e-child\" data-id=\"2b8cc00\" data-element_type=\"container\" data-e-type=\"container\">\n\t\t\t\t<div class=\"elementor-element elementor-element-a77c9da elementor-widget elementor-widget-image\" data-id=\"a77c9da\" data-element_type=\"widget\" data-e-type=\"widget\" data-widget_type=\"image.default\">\n\t\t\t\t<div class=\"elementor-widget-container\">\n\t\t\t\t\t\t\t\t\t\t\t\t\t\t\t<img loading=\"lazy\" decoding=\"async\" width=\"640\" height=\"421\" src=\"https:\/\/santediversite.org\/wp-content\/uploads\/2025\/07\/Screenshot-2025-07-22-at-5.34.50\u202fPM-1024x674.png\" class=\"attachment-large size-large wp-image-6462\" alt=\"\" srcset=\"https:\/\/santediversite.org\/wp-content\/uploads\/2025\/07\/Screenshot-2025-07-22-at-5.34.50\u202fPM-1024x674.png 1024w, https:\/\/santediversite.org\/wp-content\/uploads\/2025\/07\/Screenshot-2025-07-22-at-5.34.50\u202fPM-300x198.png 300w, https:\/\/santediversite.org\/wp-content\/uploads\/2025\/07\/Screenshot-2025-07-22-at-5.34.50\u202fPM-768x506.png 768w, https:\/\/santediversite.org\/wp-content\/uploads\/2025\/07\/Screenshot-2025-07-22-at-5.34.50\u202fPM-600x395.png 600w, https:\/\/santediversite.org\/wp-content\/uploads\/2025\/07\/Screenshot-2025-07-22-at-5.34.50\u202fPM.png 1488w\" sizes=\"(max-width: 640px) 100vw, 640px\" \/>\t\t\t\t\t\t\t\t\t\t\t\t\t\t\t<\/div>\n\t\t\t\t<\/div>\n\t\t\t\t<\/div>\n\t\t<div class=\"elementor-element elementor-element-6f6cce5 e-con-full e-flex e-con e-child\" data-id=\"6f6cce5\" data-element_type=\"container\" data-e-type=\"container\">\n\t\t\t\t<div class=\"elementor-element elementor-element-743c728 elementor-widget elementor-widget-text-editor\" data-id=\"743c728\" data-element_type=\"widget\" data-e-type=\"widget\" data-widget_type=\"text-editor.default\">\n\t\t\t\t<div class=\"elementor-widget-container\">\n\t\t\t\t\t\t\t\t\t<h2><strong>Ateliers et Formations Sp\u00e9cialis\u00e9es<\/strong><\/h2><p>Ces sessions offrent un apprentissage cibl\u00e9 sur la diversit\u00e9 et l\u2019inclusion dans les soins de sant\u00e9. Gr\u00e2ce \u00e0 des ateliers, des webinaires et des discussions anim\u00e9es par des experts, les participants acqui\u00e8rent des comp\u00e9tences interculturelles, partagent les meilleures pratiques et renforcent leur capacit\u00e9 \u00e0 cr\u00e9er des environnements de soins inclusifs.<\/p>\t\t\t\t\t\t\t\t<\/div>\n\t\t\t\t<\/div>\n\t\t\t\t<\/div>\n\t\t\t\t\t<\/div>\n\t\t\t\t<\/div>\n\t\t<div class=\"elementor-element elementor-element-9dce74b e-flex e-con-boxed e-con e-parent\" data-id=\"9dce74b\" data-element_type=\"container\" data-e-type=\"container\">\n\t\t\t\t\t<div class=\"e-con-inner\">\n\t\t\t\t<div class=\"elementor-element elementor-element-3ab8835 elementor-widget elementor-widget-text-editor\" data-id=\"3ab8835\" data-element_type=\"widget\" data-e-type=\"widget\" data-widget_type=\"text-editor.default\">\n\t\t\t\t<div class=\"elementor-widget-container\">\n\t\t\t\t\t\t\t\t\t<p>Si vous \u00eates int\u00e9ress\u00e9 \u00e0 participer \u00e0 l\u2019un de ces programmes, veuillez remplir le formulaire \u00ab\u00a0Contactez-nous\u00a0\u00bb.<\/p>\t\t\t\t\t\t\t\t<\/div>\n\t\t\t\t<\/div>\n\t\t\t\t\t<\/div>\n\t\t\t\t<\/div>\n\t\t<div class=\"elementor-element elementor-element-bdaf25d e-flex e-con-boxed e-con e-parent\" data-id=\"bdaf25d\" data-element_type=\"container\" data-e-type=\"container\">\n\t\t\t\t\t<div class=\"e-con-inner\">\n\t\t\t\t<div class=\"elementor-element elementor-element-30e8272 elementor-widget elementor-widget-heading\" data-id=\"30e8272\" data-element_type=\"widget\" data-e-type=\"widget\" data-widget_type=\"heading.default\">\n\t\t\t\t<div class=\"elementor-widget-container\">\n\t\t\t\t\t<h2 class=\"elementor-heading-title elementor-size-default\">\u00c9v\u00e9nements \u00e0 venir<\/h2>\t\t\t\t<\/div>\n\t\t\t\t<\/div>\n\t\t\t\t\t<\/div>\n\t\t\t\t<\/div>\n\t\t<div class=\"elementor-element elementor-element-7e1ca43 e-flex e-con-boxed e-con e-parent\" data-id=\"7e1ca43\" data-element_type=\"container\" data-e-type=\"container\">\n\t\t\t\t\t<div class=\"e-con-inner\">\n\t\t\t\t<div class=\"elementor-element elementor-element-fb5ea52 elementor-arrows-position-inside elementor-pagination-position-outside elementor-widget elementor-widget-image-carousel\" data-id=\"fb5ea52\" data-element_type=\"widget\" data-e-type=\"widget\" data-settings=\"{&quot;slides_to_show&quot;:&quot;1&quot;,&quot;navigation&quot;:&quot;both&quot;,&quot;autoplay&quot;:&quot;yes&quot;,&quot;pause_on_hover&quot;:&quot;yes&quot;,&quot;pause_on_interaction&quot;:&quot;yes&quot;,&quot;autoplay_speed&quot;:5000,&quot;infinite&quot;:&quot;yes&quot;,&quot;effect&quot;:&quot;slide&quot;,&quot;speed&quot;:500}\" data-widget_type=\"image-carousel.default\">\n\t\t\t\t<div class=\"elementor-widget-container\">\n\t\t\t\t\t\t\t<div class=\"elementor-image-carousel-wrapper swiper\" role=\"region\" aria-roledescription=\"carousel\" aria-label=\"Image Carousel\" dir=\"ltr\">\n\t\t\t<div class=\"elementor-image-carousel swiper-wrapper\" aria-live=\"off\">\n\t\t\t\t\t\t\t\t<div class=\"swiper-slide\" role=\"group\" aria-roledescription=\"slide\" aria-label=\"1 of 2\" data-no-translation-aria-label=\"\"><figure class=\"swiper-slide-inner\"><img decoding=\"async\" class=\"swiper-slide-image\" src=\"https:\/\/santediversite.org\/wp-content\/uploads\/2025\/10\/Brochure-1-1024x791.png\" alt=\"Brochure (1)\" \/><\/figure><\/div><div class=\"swiper-slide\" role=\"group\" aria-roledescription=\"slide\" aria-label=\"2 of 2\" data-no-translation-aria-label=\"\"><figure class=\"swiper-slide-inner\"><img decoding=\"async\" class=\"swiper-slide-image\" src=\"https:\/\/santediversite.org\/wp-content\/uploads\/2025\/10\/Brochure-2-1024x791.png\" alt=\"Brochure (2)\" \/><\/figure><\/div>\t\t\t<\/div>\n\t\t\t\t\t\t\t\t\t\t\t\t<div class=\"elementor-swiper-button elementor-swiper-button-prev\" role=\"button\" tabindex=\"0\">\n\t\t\t\t\t\t<svg aria-hidden=\"true\" class=\"e-font-icon-svg e-eicon-chevron-left\" viewbox=\"0 0 1000 1000\" xmlns=\"http:\/\/www.w3.org\/2000\/svg\"><path d=\"M646 125C629 125 613 133 604 142L308 442C296 454 292 471 292 487 292 504 296 521 308 533L604 854C617 867 629 875 646 875 663 875 679 871 692 858 704 846 713 829 713 812 713 796 708 779 692 767L438 487 692 225C700 217 708 204 708 187 708 171 704 154 692 142 675 129 663 125 646 125Z\"><\/path><\/svg>\t\t\t\t\t<\/div>\n\t\t\t\t\t<div class=\"elementor-swiper-button elementor-swiper-button-next\" role=\"button\" tabindex=\"0\">\n\t\t\t\t\t\t<svg aria-hidden=\"true\" class=\"e-font-icon-svg e-eicon-chevron-right\" viewbox=\"0 0 1000 1000\" xmlns=\"http:\/\/www.w3.org\/2000\/svg\"><path d=\"M696 533C708 521 713 504 713 487 713 471 708 454 696 446L400 146C388 133 375 125 354 125 338 125 325 129 313 142 300 154 292 171 292 187 292 204 296 221 308 233L563 492 304 771C292 783 288 800 288 817 288 833 296 850 308 863 321 871 338 875 354 875 371 875 388 867 400 854L696 533Z\"><\/path><\/svg>\t\t\t\t\t<\/div>\n\t\t\t\t\n\t\t\t\t\t\t\t\t\t<div class=\"swiper-pagination\"><\/div>\n\t\t\t\t\t\t\t\t\t<\/div>\n\t\t\t\t\t\t<\/div>\n\t\t\t\t<\/div>\n\t\t\t\t\t<\/div>\n\t\t\t\t<\/div>\n\t\t\t\t<\/div>","protected":false},"excerpt":{"rendered":"<p>Access our support and mentoring programs specifically designed for healthcare professionals with an immigrant background. Benefit from training, resources, and advice to successfully integrate into the Quebec job market. Find more information about our programs below.\u00a0 Professional Upgrading Program This program provides immigrant healthcare professionals with targeted training to meet [&hellip;]<\/p>\n","protected":false},"author":1,"featured_media":0,"parent":0,"menu_order":0,"comment_status":"closed","ping_status":"closed","template":"","meta":{"_piecal_is_event":false,"_piecal_start_date":"","_piecal_end_date":"","_piecal_is_allday":false,"_monsterinsights_skip_tracking":false,"_monsterinsights_sitenote_active":false,"_monsterinsights_sitenote_note":"","_monsterinsights_sitenote_category":0,"footnotes":""},"class_list":["post-6367","page","type-page","status-publish","hentry"],"_hostinger_reach_plugin_has_subscription_block":false,"_hostinger_reach_plugin_is_elementor":false,"_links":{"self":[{"href":"https:\/\/santediversite.org\/fr\/wp-json\/wp\/v2\/pages\/6367","targetHints":{"allow":["GET"]}}],"collection":[{"href":"https:\/\/santediversite.org\/fr\/wp-json\/wp\/v2\/pages"}],"about":[{"href":"https:\/\/santediversite.org\/fr\/wp-json\/wp\/v2\/types\/page"}],"author":[{"embeddable":true,"href":"https:\/\/santediversite.org\/fr\/wp-json\/wp\/v2\/users\/1"}],"replies":[{"embeddable":true,"href":"https:\/\/santediversite.org\/fr\/wp-json\/wp\/v2\/comments?post=6367"}],"version-history":[{"count":25,"href":"https:\/\/santediversite.org\/fr\/wp-json\/wp\/v2\/pages\/6367\/revisions"}],"predecessor-version":[{"id":6887,"href":"https:\/\/santediversite.org\/fr\/wp-json\/wp\/v2\/pages\/6367\/revisions\/6887"}],"wp:attachment":[{"href":"https:\/\/santediversite.org\/fr\/wp-json\/wp\/v2\/media?parent=6367"}],"curies":[{"name":"wp","href":"https:\/\/api.w.org\/{rel}","templated":true}]}}