{"id":6409,"date":"2025-07-21T15:13:54","date_gmt":"2025-07-21T15:13:54","guid":{"rendered":"https:\/\/santediversite.org\/?page_id=6409"},"modified":"2025-07-21T17:37:12","modified_gmt":"2025-07-21T17:37:12","slug":"contact-us","status":"publish","type":"page","link":"https:\/\/santediversite.org\/fr\/contact-us\/","title":{"rendered":"Contact"},"content":{"rendered":"<div data-elementor-type=\"wp-page\" data-elementor-id=\"6409\" class=\"elementor elementor-6409\">\n\t\t\t\t<div class=\"elementor-element elementor-element-e368790 e-flex e-con-boxed e-con e-parent\" data-id=\"e368790\" data-element_type=\"container\" data-e-type=\"container\">\n\t\t\t\t\t<div class=\"e-con-inner\">\n\t\t\t\t<div class=\"elementor-element elementor-element-1aa4dd6 elementor-widget elementor-widget-shortcode\" data-id=\"1aa4dd6\" data-element_type=\"widget\" data-e-type=\"widget\" data-widget_type=\"shortcode.default\">\n\t\t\t\t<div class=\"elementor-widget-container\">\n\t\t\t\t\t\t\t<div class=\"elementor-shortcode\"><div class=\"forminator-ui forminator-custom-form forminator-custom-form-6415 forminator-design--default  forminator_ajax\" data-forminator-render=\"0\" data-form=\"forminator-module-6415\" data-uid=\"69e45a6c1ccf0\"><br\/><\/div><form\n\t\t\t\tid=\"forminator-module-6415\"\n\t\t\t\tclass=\"forminator-ui forminator-custom-form forminator-custom-form-6415 forminator-design--default  forminator_ajax\"\n\t\t\t\tmethod=\"post\"\n\t\t\t\tdata-forminator-render=\"0\"\n\t\t\t\tdata-form-id=\"6415\"\n\t\t\t\t data-color-option=\"theme\" data-design=\"default\" data-grid=\"open\" style=\"display: none;\"\n\t\t\t\tdata-uid=\"69e45a6c1ccf0\" action=\"\"\n\t\t\t><div role=\"alert\" aria-live=\"polite\" class=\"forminator-response-message forminator-error\" aria-hidden=\"true\"><\/div><div class=\"forminator-row\"><div id=\"name-1\" class=\"forminator-field-name forminator-col forminator-col-12\"><div class=\"forminator-field\"><label for=\"forminator-field-name-1_69e45a6c1ccf0\" id=\"forminator-field-name-1_69e45a6c1ccf0-label\" class=\"forminator-label\">Nom et Pr\u00e9nom <span class=\"forminator-required\">*<\/span><\/label><input type=\"text\" name=\"name-1\" value=\"\" placeholder=\"\" id=\"forminator-field-name-1_69e45a6c1ccf0\" class=\"forminator-input forminator-name--field\" aria-required=\"true\" autocomplete=\"name\" \/><\/div><\/div><\/div><div class=\"forminator-row\"><div id=\"email-1\" class=\"forminator-field-email forminator-col forminator-col-12\"><div class=\"forminator-field\"><label for=\"forminator-field-email-1_69e45a6c1ccf0\" id=\"forminator-field-email-1_69e45a6c1ccf0-label\" class=\"forminator-label\">Adresse courriel <span class=\"forminator-required\">*<\/span><\/label><input type=\"email\" name=\"email-1\" value=\"\" placeholder=\"\" id=\"forminator-field-email-1_69e45a6c1ccf0\" class=\"forminator-input forminator-email--field\" data-required=\"true\" aria-required=\"true\" autocomplete=\"email\" \/><\/div><\/div><\/div><div class=\"forminator-row\"><div id=\"phone-1\" class=\"forminator-field-phone forminator-col forminator-col-12\"><div class=\"forminator-field\"><label for=\"forminator-field-phone-1_69e45a6c1ccf0\" id=\"forminator-field-phone-1_69e45a6c1ccf0-label\" class=\"forminator-label\">Num\u00e9ro de t\u00e9l\u00e9phone<\/label><input type=\"text\" name=\"phone-1\" value=\"\" placeholder=\"\" id=\"forminator-field-phone-1_69e45a6c1ccf0\" class=\"forminator-input forminator-field--phone\" data-required=\"\" aria-required=\"false\" autocomplete=\"off\" \/><\/div><\/div><\/div><div class=\"forminator-row\"><div id=\"textarea-1\" class=\"forminator-field-textarea forminator-col forminator-col-12\"><div class=\"forminator-field\"><label for=\"forminator-field-textarea-1_69e45a6c1ccf0\" id=\"forminator-field-textarea-1_69e45a6c1ccf0-label\" class=\"forminator-label\">Message ou Question<\/label><span id=\"forminator-field-textarea-1_69e45a6c1ccf0-description\" class=\"forminator-description\"><span data-limit=\"180\" data-type=\"characters\" data-editor=\"\">0 \/ 180<\/span><\/span><textarea name=\"textarea-1\" placeholder=\"\" id=\"forminator-field-textarea-1_69e45a6c1ccf0\" class=\"forminator-textarea\" rows=\"6\" style=\"min-height:140px;\" maxlength=\"180\" ><\/textarea><\/div><\/div><\/div><div class=\"forminator-row\"><div id=\"text-1\" class=\"forminator-field-text forminator-col forminator-col-12\"><div class=\"forminator-field\"><label for=\"forminator-field-text-1_69e45a6c1ccf0\" id=\"forminator-field-text-1_69e45a6c1ccf0-label\" class=\"forminator-label\">Profession dans le Domaine de la Sant\u00e9<\/label><input type=\"text\" name=\"text-1\" value=\"\" placeholder=\"Enter Healthcare Profession\" id=\"forminator-field-text-1_69e45a6c1ccf0\" class=\"forminator-input forminator-name--field\" data-required=\"\" \/><\/div><\/div><\/div><div class=\"forminator-row\"><div id=\"checkbox-1\" class=\"forminator-field-checkbox forminator-col forminator-col-12\"><div role=\"group\" class=\"forminator-field\" aria-labelledby=\"forminator-checkbox-group-forminator-field-checkbox-1-69e45a6c1ccf0-label\"><span id=\"forminator-checkbox-group-forminator-field-checkbox-1-69e45a6c1ccf0-label\" class=\"forminator-label\">Je souhaite:<\/span><label id=\"forminator-field-checkbox-1-1-69e45a6c1ccf0-label\" for=\"forminator-field-checkbox-1-1-69e45a6c1ccf0\" class=\"forminator-checkbox\" title=\"M&#039;inscrire \u00e0 un programme de formation\"><input type=\"checkbox\" name=\"checkbox-1[]\" value=\"one\" id=\"forminator-field-checkbox-1-1-69e45a6c1ccf0\" aria-labelledby=\"forminator-field-checkbox-1-1-69e45a6c1ccf0-label\" data-calculation=\"0\"   data-hidden-behavior=\"zero\"\/><span class=\"forminator-checkbox-box\" aria-hidden=\"true\"><\/span><span class=\"forminator-checkbox-label\">M'inscrire \u00e0 un programme de formation<\/span><\/label><label id=\"forminator-field-checkbox-1-2-69e45a6c1ccf0-label\" for=\"forminator-field-checkbox-1-2-69e45a6c1ccf0\" class=\"forminator-checkbox\" title=\"B\u00e9n\u00e9ficier d&#039;un service de mentorat\"><input type=\"checkbox\" name=\"checkbox-1[]\" value=\"two\" id=\"forminator-field-checkbox-1-2-69e45a6c1ccf0\" aria-labelledby=\"forminator-field-checkbox-1-2-69e45a6c1ccf0-label\" data-calculation=\"0\"   data-hidden-behavior=\"zero\"\/><span class=\"forminator-checkbox-box\" aria-hidden=\"true\"><\/span><span class=\"forminator-checkbox-label\">B\u00e9n\u00e9ficier d'un service de mentorat<\/span><\/label><label id=\"forminator-field-checkbox-1-3-69e45a6c1ccf0-label\" for=\"forminator-field-checkbox-1-3-69e45a6c1ccf0\" class=\"forminator-checkbox\" title=\"Obtenir de l&#039;information sur la reconnaissance des qualifications\"><input type=\"checkbox\" name=\"checkbox-1[]\" value=\"Obtain-information-about-qualification-recognition\" id=\"forminator-field-checkbox-1-3-69e45a6c1ccf0\" aria-labelledby=\"forminator-field-checkbox-1-3-69e45a6c1ccf0-label\" data-calculation=\"0\"   data-hidden-behavior=\"zero\"\/><span class=\"forminator-checkbox-box\" aria-hidden=\"true\"><\/span><span class=\"forminator-checkbox-label\">Obtenir de l'information sur la reconnaissance des qualifications<\/span><\/label><label id=\"forminator-field-checkbox-1-4-69e45a6c1ccf0-label\" for=\"forminator-field-checkbox-1-4-69e45a6c1ccf0\" class=\"forminator-checkbox\" title=\"Collaborer avec Sant\u00e9 Diversit\u00e9\"><input type=\"checkbox\" name=\"checkbox-1[]\" value=\"Collaborate-with-Sant\u00e9-Diversit\u00e9\" id=\"forminator-field-checkbox-1-4-69e45a6c1ccf0\" aria-labelledby=\"forminator-field-checkbox-1-4-69e45a6c1ccf0-label\" data-calculation=\"0\"   data-hidden-behavior=\"zero\"\/><span class=\"forminator-checkbox-box\" aria-hidden=\"true\"><\/span><span class=\"forminator-checkbox-label\">Collaborer avec Sant\u00e9 Diversit\u00e9<\/span><\/label><label id=\"forminator-field-checkbox-1-5-69e45a6c1ccf0-label\" for=\"forminator-field-checkbox-1-5-69e45a6c1ccf0\" class=\"forminator-checkbox\" title=\"Autre (Veuillez pr\u00e9ciser)\"><input type=\"checkbox\" name=\"checkbox-1[]\" value=\"custom_option\" id=\"forminator-field-checkbox-1-5-69e45a6c1ccf0\" aria-labelledby=\"forminator-field-checkbox-1-5-69e45a6c1ccf0-label\" data-calculation=\"0\"   data-hidden-behavior=\"zero\"\/><span class=\"forminator-checkbox-box\" aria-hidden=\"true\"><\/span><span class=\"forminator-checkbox-label\">Autre (Veuillez pr\u00e9ciser)<\/span><\/label><div class=\"forminator-field forminator-custom-input\"><input id=\"custom-forminator-field-checkbox-1-5-69e45a6c1ccf0\" name=\"custom-checkbox-1\" aria-labelledby=\"forminator-field-checkbox-1-5-69e45a6c1ccf0-label\" class=\"forminator-input\" value=\"\" \/><\/div><\/div><\/div><\/div><div class=\"forminator-row\"><div id=\"checkbox-2\" class=\"forminator-field-checkbox forminator-col forminator-col-12\"><div role=\"group\" class=\"forminator-field\" aria-labelledby=\"forminator-checkbox-group-forminator-field-checkbox-2-69e45a6c1ccf0-label\"><span id=\"forminator-checkbox-group-forminator-field-checkbox-2-69e45a6c1ccf0-label\" class=\"forminator-label\">Comment avez-vous entendu parler de Sant\u00e9 Diversit\u00e9?:<\/span><label id=\"forminator-field-checkbox-2-1-69e45a6c1ccf0-label\" for=\"forminator-field-checkbox-2-1-69e45a6c1ccf0\" class=\"forminator-checkbox\" title=\"R\u00e9seaux Sociaux\"><input type=\"checkbox\" name=\"checkbox-2[]\" value=\"one\" id=\"forminator-field-checkbox-2-1-69e45a6c1ccf0\" aria-labelledby=\"forminator-field-checkbox-2-1-69e45a6c1ccf0-label\" data-calculation=\"0\"   data-hidden-behavior=\"zero\"\/><span class=\"forminator-checkbox-box\" aria-hidden=\"true\"><\/span><span class=\"forminator-checkbox-label\">R\u00e9seaux Sociaux<\/span><\/label><label id=\"forminator-field-checkbox-2-2-69e45a6c1ccf0-label\" for=\"forminator-field-checkbox-2-2-69e45a6c1ccf0\" class=\"forminator-checkbox\" title=\"Recommandation d&#039;un Ami\"><input type=\"checkbox\" name=\"checkbox-2[]\" value=\"two\" id=\"forminator-field-checkbox-2-2-69e45a6c1ccf0\" aria-labelledby=\"forminator-field-checkbox-2-2-69e45a6c1ccf0-label\" data-calculation=\"0\"   data-hidden-behavior=\"zero\"\/><span class=\"forminator-checkbox-box\" aria-hidden=\"true\"><\/span><span class=\"forminator-checkbox-label\">Recommandation d'un Ami<\/span><\/label><label id=\"forminator-field-checkbox-2-3-69e45a6c1ccf0-label\" for=\"forminator-field-checkbox-2-3-69e45a6c1ccf0\" class=\"forminator-checkbox\" title=\"Site Web\"><input type=\"checkbox\" name=\"checkbox-2[]\" value=\"Website\" id=\"forminator-field-checkbox-2-3-69e45a6c1ccf0\" aria-labelledby=\"forminator-field-checkbox-2-3-69e45a6c1ccf0-label\" data-calculation=\"0\"   data-hidden-behavior=\"zero\"\/><span class=\"forminator-checkbox-box\" aria-hidden=\"true\"><\/span><span class=\"forminator-checkbox-label\">Site Web<\/span><\/label><label id=\"forminator-field-checkbox-2-4-69e45a6c1ccf0-label\" for=\"forminator-field-checkbox-2-4-69e45a6c1ccf0\" class=\"forminator-checkbox\" title=\"\u00c9v\u00e9nement ou Atelier\"><input type=\"checkbox\" name=\"checkbox-2[]\" value=\"Event-or-Workshop\" id=\"forminator-field-checkbox-2-4-69e45a6c1ccf0\" aria-labelledby=\"forminator-field-checkbox-2-4-69e45a6c1ccf0-label\" data-calculation=\"0\"   data-hidden-behavior=\"zero\"\/><span class=\"forminator-checkbox-box\" aria-hidden=\"true\"><\/span><span class=\"forminator-checkbox-label\">\u00c9v\u00e9nement ou Atelier<\/span><\/label><label id=\"forminator-field-checkbox-2-5-69e45a6c1ccf0-label\" for=\"forminator-field-checkbox-2-5-69e45a6c1ccf0\" class=\"forminator-checkbox\" title=\"Autre (Veuillez pr\u00e9ciser)\"><input type=\"checkbox\" name=\"checkbox-2[]\" value=\"custom_option\" id=\"forminator-field-checkbox-2-5-69e45a6c1ccf0\" aria-labelledby=\"forminator-field-checkbox-2-5-69e45a6c1ccf0-label\" data-calculation=\"0\"   data-hidden-behavior=\"zero\"\/><span class=\"forminator-checkbox-box\" aria-hidden=\"true\"><\/span><span class=\"forminator-checkbox-label\">Autre (Veuillez pr\u00e9ciser)<\/span><\/label><div class=\"forminator-field forminator-custom-input\"><input id=\"custom-forminator-field-checkbox-2-5-69e45a6c1ccf0\" name=\"custom-checkbox-2\" aria-labelledby=\"forminator-field-checkbox-2-5-69e45a6c1ccf0-label\" class=\"forminator-input\" value=\"\" \/><\/div><\/div><\/div><\/div><div class=\"forminator-row\"><div id=\"consent-1\" class=\"forminator-field-consent forminator-col forminator-col-12\"><div class=\"forminator-field\"><label for=\"forminator-field-consent-1_69e45a6c1ccf0\" id=\"forminator-field-consent-1_69e45a6c1ccf0-label\" class=\"forminator-label\">Consentement pour le Traitement des Donn\u00e9es Personnelles : <span class=\"forminator-required\">*<\/span><\/label><div class=\"forminator-checkbox__wrapper\"><label id=\"forminator-field-consent-1_69e45a6c1ccf0__label\" class=\"forminator-checkbox forminator-consent\"><input type=\"checkbox\" name=\"consent-1\" id=\"forminator-field-consent-1_69e45a6c1ccf0\" value=\"checked\" aria-labelledby=\"forminator-field-consent-1_69e45a6c1ccf0-label\" aria-describedby=\"forminator-field-consent-1_69e45a6c1ccf0__description\" data-required=\"true\" aria-required=\"true\" \/><span class=\"forminator-checkbox-box\" aria-hidden=\"true\"><\/span><\/label><div id=\"forminator-field-consent-1_69e45a6c1ccf0__description\" class=\"forminator-checkbox__label forminator-consent__label\"><p><span style=\"font-weight: 400\">En cochant cette case, j'accepte que mes donn\u00e9es personnelles soient trait\u00e9es par Sant\u00e9 Diversit\u00e9 dans le cadre de ma demande.<\/span><\/p><\/div><\/div><\/div><\/div><\/div><input type=\"hidden\" name=\"referer_url\" value=\"\" \/><div class=\"forminator-row forminator-row-last\"><div class=\"forminator-col\"><div class=\"forminator-field\"><button class=\"forminator-button forminator-button-submit\">Soumettre<\/button><\/div><\/div><\/div><input type=\"hidden\" id=\"forminator_nonce\" name=\"forminator_nonce\" value=\"eb11f5abad\" \/><input type=\"hidden\" name=\"_wp_http_referer\" value=\"\/fr\/wp-json\/wp\/v2\/pages\/6409\" \/><input type=\"hidden\" name=\"form_id\" value=\"6415\"><input type=\"hidden\" name=\"page_id\" value=\"6409\"><input type=\"hidden\" name=\"form_type\" value=\"default\"><input type=\"hidden\" name=\"current_url\" value=\"https:\/\/santediversite.org\/fr\/contact-us\/\"><input type=\"hidden\" name=\"render_id\" value=\"0\"><input type=\"hidden\" name=\"action\" value=\"forminator_submit_form_custom-forms\"><input type=\"hidden\" name=\"trp-form-language\" value=\"fr\"\/><\/form>\n\n<\/div>\n\t\t\t\t\t\t<\/div>\n\t\t\t\t<\/div>\n\t\t\t\t\t<\/div>\n\t\t\t\t<\/div>\n\t\t\t\t<\/div>","protected":false},"excerpt":{"rendered":"","protected":false},"author":1,"featured_media":0,"parent":0,"menu_order":0,"comment_status":"closed","ping_status":"closed","template":"","meta":{"_piecal_is_event":false,"_piecal_start_date":"","_piecal_end_date":"","_piecal_is_allday":false,"_monsterinsights_skip_tracking":false,"_monsterinsights_sitenote_active":false,"_monsterinsights_sitenote_note":"","_monsterinsights_sitenote_category":0,"footnotes":""},"class_list":["post-6409","page","type-page","status-publish","hentry"],"_hostinger_reach_plugin_has_subscription_block":false,"_hostinger_reach_plugin_is_elementor":false,"_links":{"self":[{"href":"https:\/\/santediversite.org\/fr\/wp-json\/wp\/v2\/pages\/6409","targetHints":{"allow":["GET"]}}],"collection":[{"href":"https:\/\/santediversite.org\/fr\/wp-json\/wp\/v2\/pages"}],"about":[{"href":"https:\/\/santediversite.org\/fr\/wp-json\/wp\/v2\/types\/page"}],"author":[{"embeddable":true,"href":"https:\/\/santediversite.org\/fr\/wp-json\/wp\/v2\/users\/1"}],"replies":[{"embeddable":true,"href":"https:\/\/santediversite.org\/fr\/wp-json\/wp\/v2\/comments?post=6409"}],"version-history":[{"count":4,"href":"https:\/\/santediversite.org\/fr\/wp-json\/wp\/v2\/pages\/6409\/revisions"}],"predecessor-version":[{"id":6418,"href":"https:\/\/santediversite.org\/fr\/wp-json\/wp\/v2\/pages\/6409\/revisions\/6418"}],"wp:attachment":[{"href":"https:\/\/santediversite.org\/fr\/wp-json\/wp\/v2\/media?parent=6409"}],"curies":[{"name":"wp","href":"https:\/\/api.w.org\/{rel}","templated":true}]}}