{"id":6509,"date":"2025-07-24T02:55:35","date_gmt":"2025-07-24T02:55:35","guid":{"rendered":"https:\/\/santediversite.org\/?page_id=6509"},"modified":"2025-09-04T22:38:39","modified_gmt":"2025-09-05T02:38:39","slug":"beneficial-testimonials","status":"publish","type":"page","link":"https:\/\/santediversite.org\/fr\/beneficial-testimonials\/","title":{"rendered":"T\u00e9moignages utiles"},"content":{"rendered":"<div data-elementor-type=\"wp-page\" data-elementor-id=\"6509\" class=\"elementor elementor-6509\">\n\t\t\t\t<div class=\"elementor-element elementor-element-3c800a8 e-flex e-con-boxed e-con e-parent\" data-id=\"3c800a8\" data-element_type=\"container\" data-e-type=\"container\">\n\t\t\t\t\t<div class=\"e-con-inner\">\n\t\t\t\t<div class=\"elementor-element elementor-element-56870ff elementor-widget elementor-widget-testimonial\" data-id=\"56870ff\" data-element_type=\"widget\" data-e-type=\"widget\" data-widget_type=\"testimonial.default\">\n\t\t\t\t<div class=\"elementor-widget-container\">\n\t\t\t\t\t\t\t<div class=\"elementor-testimonial-wrapper\">\n\t\t\t\t\t\t\t<div class=\"elementor-testimonial-content\">\"Gr\u00e2ce \u00e0 Sant\u00e9 Diversit\u00e9, j'ai pu b\u00e9n\u00e9ficier d'un programme de formation sur mesure qui m'a permis d'obtenir la reconnaissance de mes qualifications en tant qu'infirmi\u00e8re. Le service de mentorat personnalis\u00e9 m'a apport\u00e9 un soutien inestimable dans mon int\u00e9gration professionnelle. Aujourd'hui, je travaille dans un h\u00f4pital et je suis reconnaissante envers l'organisation pour m'avoir aid\u00e9e \u00e0 r\u00e9aliser mon r\u00eave de travailler dans le domaine de la sant\u00e9 au Qu\u00e9bec.\"<\/div>\n\t\t\t\n\t\t\t\t\t\t<div class=\"elementor-testimonial-meta elementor-has-image elementor-testimonial-image-position-aside\">\n\t\t\t\t<div class=\"elementor-testimonial-meta-inner\">\n\t\t\t\t\t\t\t\t\t\t\t<div class=\"elementor-testimonial-image\">\n\t\t\t\t\t\t\t<img decoding=\"async\" src=\"https:\/\/santediversite.org\/wp-content\/plugins\/elementor\/assets\/images\/placeholder.png\" title=\"\" alt=\"\" loading=\"lazy\" \/>\t\t\t\t\t\t<\/div>\n\t\t\t\t\t\n\t\t\t\t\t\t\t\t\t\t<div class=\"elementor-testimonial-details\">\n\t\t\t\t\t\t\t\t\t\t\t\t\t\t<div class=\"elementor-testimonial-name\">Marie Yamoule Tubuku<\/div>\n\t\t\t\t\t\t\t\t\t\t\t\t\t\t\t\t\t\t\t\t\t\t<div class=\"elementor-testimonial-job\">Infirmi\u00e8re<\/div>\n\t\t\t\t\t\t\t\t\t\t\t\t\t<\/div>\n\t\t\t\t\t\t\t\t\t<\/div>\n\t\t\t<\/div>\n\t\t\t\t\t<\/div>\n\t\t\t\t\t\t<\/div>\n\t\t\t\t<\/div>\n\t\t\t\t\t<\/div>\n\t\t\t\t<\/div>\n\t\t<div class=\"elementor-element elementor-element-dc73ece e-flex e-con-boxed e-con e-parent\" data-id=\"dc73ece\" data-element_type=\"container\" data-e-type=\"container\">\n\t\t\t\t\t<div class=\"e-con-inner\">\n\t\t\t\t<div class=\"elementor-element elementor-element-6b55e1b elementor-widget elementor-widget-testimonial\" data-id=\"6b55e1b\" data-element_type=\"widget\" data-e-type=\"widget\" data-widget_type=\"testimonial.default\">\n\t\t\t\t<div class=\"elementor-widget-container\">\n\t\t\t\t\t\t\t<div class=\"elementor-testimonial-wrapper\">\n\t\t\t\t\t\t\t<div class=\"elementor-testimonial-content\">\"Apr\u00e8s des mois de d\u00e9marches administratives et de difficult\u00e9s pour faire reconna\u00eetre mon dipl\u00f4me de m\u00e9decin, j'ai trouv\u00e9 un soutien pr\u00e9cieux aupr\u00e8s de Sant\u00e9 Diversit\u00e9. Les formations sp\u00e9cialis\u00e9es et les ateliers sur la diversit\u00e9 en sant\u00e9 m'ont permis de mieux comprendre le syst\u00e8me de sant\u00e9 qu\u00e9b\u00e9cois et de me pr\u00e9parer \u00e0 mon int\u00e9gration professionnelle. Aujourd'hui, je travaille dans un cabinet m\u00e9dical et je suis reconnaissant envers l'organisation pour m'avoir guid\u00e9 tout au long de mon parcours.\"<\/div>\n\t\t\t\n\t\t\t\t\t\t<div class=\"elementor-testimonial-meta elementor-has-image elementor-testimonial-image-position-aside\">\n\t\t\t\t<div class=\"elementor-testimonial-meta-inner\">\n\t\t\t\t\t\t\t\t\t\t\t<div class=\"elementor-testimonial-image\">\n\t\t\t\t\t\t\t<img decoding=\"async\" src=\"https:\/\/santediversite.org\/wp-content\/plugins\/elementor\/assets\/images\/placeholder.png\" title=\"\" alt=\"\" loading=\"lazy\" \/>\t\t\t\t\t\t<\/div>\n\t\t\t\t\t\n\t\t\t\t\t\t\t\t\t\t<div class=\"elementor-testimonial-details\">\n\t\t\t\t\t\t\t\t\t\t\t\t\t\t<div class=\"elementor-testimonial-name\">Youdie Joseph<\/div>\n\t\t\t\t\t\t\t\t\t\t\t\t\t\t\t\t\t\t\t\t\t\t<div class=\"elementor-testimonial-job\">M\u00e9decin<\/div>\n\t\t\t\t\t\t\t\t\t\t\t\t\t<\/div>\n\t\t\t\t\t\t\t\t\t<\/div>\n\t\t\t<\/div>\n\t\t\t\t\t<\/div>\n\t\t\t\t\t\t<\/div>\n\t\t\t\t<\/div>\n\t\t\t\t\t<\/div>\n\t\t\t\t<\/div>\n\t\t<div class=\"elementor-element elementor-element-8c05aab e-flex e-con-boxed e-con e-parent\" data-id=\"8c05aab\" data-element_type=\"container\" data-e-type=\"container\">\n\t\t\t\t\t<div class=\"e-con-inner\">\n\t\t\t\t<div class=\"elementor-element elementor-element-dfddf3e elementor-widget elementor-widget-testimonial\" data-id=\"dfddf3e\" data-element_type=\"widget\" data-e-type=\"widget\" data-widget_type=\"testimonial.default\">\n\t\t\t\t<div class=\"elementor-widget-container\">\n\t\t\t\t\t\t\t<div class=\"elementor-testimonial-wrapper\">\n\t\t\t\t\t\t\t<div class=\"elementor-testimonial-content\">\"En tant que pharmacienne immigrante, j'ai trouv\u00e9 en Sant\u00e9 Diversit\u00e9 une v\u00e9ritable communaut\u00e9 de soutien et d'entraide. Le programme de mentorat m'a permis de b\u00e9n\u00e9ficier des conseils avis\u00e9s d'un mentor exp\u00e9riment\u00e9 qui m'a aid\u00e9 \u00e0 naviguer dans le syst\u00e8me de sant\u00e9 et \u00e0 d\u00e9velopper mes comp\u00e9tences professionnelles. Gr\u00e2ce \u00e0 l'organisation, j'ai pu trouver un emploi dans une pharmacie locale et je me sens pleinement int\u00e9gr\u00e9e dans mon nouveau pays.\"<\/div>\n\t\t\t\n\t\t\t\t\t\t<div class=\"elementor-testimonial-meta elementor-has-image elementor-testimonial-image-position-aside\">\n\t\t\t\t<div class=\"elementor-testimonial-meta-inner\">\n\t\t\t\t\t\t\t\t\t\t\t<div class=\"elementor-testimonial-image\">\n\t\t\t\t\t\t\t<img decoding=\"async\" src=\"https:\/\/santediversite.org\/wp-content\/plugins\/elementor\/assets\/images\/placeholder.png\" title=\"\" alt=\"\" loading=\"lazy\" \/>\t\t\t\t\t\t<\/div>\n\t\t\t\t\t\n\t\t\t\t\t\t\t\t\t\t<div class=\"elementor-testimonial-details\">\n\t\t\t\t\t\t\t\t\t\t\t\t\t\t<div class=\"elementor-testimonial-name\">Danide Ayatou<\/div>\n\t\t\t\t\t\t\t\t\t\t\t\t\t\t\t\t\t\t\t\t\t\t<div class=\"elementor-testimonial-job\">Pharmacienne<\/div>\n\t\t\t\t\t\t\t\t\t\t\t\t\t<\/div>\n\t\t\t\t\t\t\t\t\t<\/div>\n\t\t\t<\/div>\n\t\t\t\t\t<\/div>\n\t\t\t\t\t\t<\/div>\n\t\t\t\t<\/div>\n\t\t\t\t\t<\/div>\n\t\t\t\t<\/div>\n\t\t<div class=\"elementor-element elementor-element-e03c820 e-flex e-con-boxed e-con e-parent\" data-id=\"e03c820\" data-element_type=\"container\" data-e-type=\"container\">\n\t\t\t\t\t<div class=\"e-con-inner\">\n\t\t\t\t<div class=\"elementor-element elementor-element-c2799be elementor-widget elementor-widget-testimonial\" data-id=\"c2799be\" data-element_type=\"widget\" data-e-type=\"widget\" data-widget_type=\"testimonial.default\">\n\t\t\t\t<div class=\"elementor-widget-container\">\n\t\t\t\t\t\t\t<div class=\"elementor-testimonial-wrapper\">\n\t\t\t\t\t\t\t<div class=\"elementor-testimonial-content\">\"Sant\u00e9 Diversit\u00e9 a jou\u00e9 un r\u00f4le crucial dans mon parcours d'int\u00e9gration en tant que dentiste immigr\u00e9. Les formations sp\u00e9cialis\u00e9es et les ateliers sur la reconnaissance des qualifications m'ont permis de franchir les obstacles administratifs et professionnels pour exercer ma profession au Qu\u00e9bec. Le soutien continu de l'\u00e9quipe et des mentors m'a donn\u00e9 confiance et m'a aid\u00e9 \u00e0 r\u00e9aliser mon projet professionnel. Je recommande vivement Sant\u00e9 Diversit\u00e9 \u00e0 tous les professionnels de la sant\u00e9 issus de l'immigration qui cherchent \u00e0 s'int\u00e9grer avec succ\u00e8s dans le syst\u00e8me de sant\u00e9 qu\u00e9b\u00e9cois.\"<\/div>\n\t\t\t\n\t\t\t\t\t\t<div class=\"elementor-testimonial-meta elementor-has-image elementor-testimonial-image-position-aside\">\n\t\t\t\t<div class=\"elementor-testimonial-meta-inner\">\n\t\t\t\t\t\t\t\t\t\t\t<div class=\"elementor-testimonial-image\">\n\t\t\t\t\t\t\t<img decoding=\"async\" src=\"https:\/\/santediversite.org\/wp-content\/plugins\/elementor\/assets\/images\/placeholder.png\" title=\"\" alt=\"\" loading=\"lazy\" \/>\t\t\t\t\t\t<\/div>\n\t\t\t\t\t\n\t\t\t\t\t\t\t\t\t\t<div class=\"elementor-testimonial-details\">\n\t\t\t\t\t\t\t\t\t\t\t\t\t\t<div class=\"elementor-testimonial-name\">Kendy Pielong<\/div>\n\t\t\t\t\t\t\t\t\t\t\t\t\t\t\t\t\t\t\t\t\t\t<div class=\"elementor-testimonial-job\">Dentiste<\/div>\n\t\t\t\t\t\t\t\t\t\t\t\t\t<\/div>\n\t\t\t\t\t\t\t\t\t<\/div>\n\t\t\t<\/div>\n\t\t\t\t\t<\/div>\n\t\t\t\t\t\t<\/div>\n\t\t\t\t<\/div>\n\t\t\t\t\t<\/div>\n\t\t\t\t<\/div>\n\t\t\t\t<\/div>","protected":false},"excerpt":{"rendered":"<p>&#8220;Thanks to Sant\u00e9 Diversit\u00e9, I was able to benefit from a customized training program that enabled me to obtain recognition for my qualifications as a nurse. The personalized mentoring service provided invaluable support in my professional integration. Today, I work in a hospital and I am grateful to the organization [&hellip;]<\/p>\n","protected":false},"author":1,"featured_media":0,"parent":0,"menu_order":0,"comment_status":"closed","ping_status":"closed","template":"","meta":{"_piecal_is_event":false,"_piecal_start_date":"","_piecal_end_date":"","_piecal_is_allday":false,"_monsterinsights_skip_tracking":false,"_monsterinsights_sitenote_active":false,"_monsterinsights_sitenote_note":"","_monsterinsights_sitenote_category":0,"footnotes":""},"class_list":["post-6509","page","type-page","status-publish","hentry"],"_hostinger_reach_plugin_has_subscription_block":false,"_hostinger_reach_plugin_is_elementor":false,"_links":{"self":[{"href":"https:\/\/santediversite.org\/fr\/wp-json\/wp\/v2\/pages\/6509","targetHints":{"allow":["GET"]}}],"collection":[{"href":"https:\/\/santediversite.org\/fr\/wp-json\/wp\/v2\/pages"}],"about":[{"href":"https:\/\/santediversite.org\/fr\/wp-json\/wp\/v2\/types\/page"}],"author":[{"embeddable":true,"href":"https:\/\/santediversite.org\/fr\/wp-json\/wp\/v2\/users\/1"}],"replies":[{"embeddable":true,"href":"https:\/\/santediversite.org\/fr\/wp-json\/wp\/v2\/comments?post=6509"}],"version-history":[{"count":8,"href":"https:\/\/santediversite.org\/fr\/wp-json\/wp\/v2\/pages\/6509\/revisions"}],"predecessor-version":[{"id":6816,"href":"https:\/\/santediversite.org\/fr\/wp-json\/wp\/v2\/pages\/6509\/revisions\/6816"}],"wp:attachment":[{"href":"https:\/\/santediversite.org\/fr\/wp-json\/wp\/v2\/media?parent=6509"}],"curies":[{"name":"wp","href":"https:\/\/api.w.org\/{rel}","templated":true}]}}