{"id":6516,"date":"2025-07-24T13:36:10","date_gmt":"2025-07-24T13:36:10","guid":{"rendered":"https:\/\/santediversite.org\/?page_id=6516"},"modified":"2025-08-27T23:30:00","modified_gmt":"2025-08-28T03:30:00","slug":"become-a-partner","status":"publish","type":"page","link":"https:\/\/santediversite.org\/fr\/become-a-partner\/","title":{"rendered":"Devenir un Partenaire"},"content":{"rendered":"<div class=\"forminator-guttenberg\"><div class=\"forminator-ui forminator-custom-form forminator-custom-form-6669 forminator-design--default  forminator_ajax\" data-forminator-render=\"0\" data-form=\"forminator-module-6669\" data-uid=\"69e45b9ead02a\"><br\/><\/div><form\n\t\t\t\tid=\"forminator-module-6669\"\n\t\t\t\tclass=\"forminator-ui forminator-custom-form forminator-custom-form-6669 forminator-design--default  forminator_ajax\"\n\t\t\t\tmethod=\"post\"\n\t\t\t\tdata-forminator-render=\"0\"\n\t\t\t\tdata-form-id=\"6669\"\n\t\t\t\t data-color-option=\"theme\" data-design=\"default\" data-grid=\"open\" style=\"display: none;\"\n\t\t\t\tdata-uid=\"69e45b9ead02a\" action=\"\"\n\t\t\t><div role=\"alert\" aria-live=\"polite\" class=\"forminator-response-message forminator-error\" aria-hidden=\"true\"><\/div><div class=\"forminator-row\"><div id=\"name-1\" class=\"forminator-field-name forminator-col forminator-col-12\"><div class=\"forminator-field\"><label for=\"forminator-field-name-1_69e45b9ead02a\" id=\"forminator-field-name-1_69e45b9ead02a-label\" class=\"forminator-label\">Nom de l\u2019entreprise \/ Nom complet <span class=\"forminator-required\">*<\/span><\/label><input type=\"text\" name=\"name-1\" value=\"\" placeholder=\"Entrez le nom de l\u2019entreprise ou le nom complet\" id=\"forminator-field-name-1_69e45b9ead02a\" class=\"forminator-input forminator-name--field\" aria-required=\"true\" autocomplete=\"name\" \/><\/div><\/div><\/div><div class=\"forminator-row\"><div id=\"email-1\" class=\"forminator-field-email forminator-col forminator-col-12\"><div class=\"forminator-field\"><label for=\"forminator-field-email-1_69e45b9ead02a\" id=\"forminator-field-email-1_69e45b9ead02a-label\" class=\"forminator-label\">Adresse courriel <span class=\"forminator-required\">*<\/span><\/label><input type=\"email\" name=\"email-1\" value=\"\" placeholder=\"\" id=\"forminator-field-email-1_69e45b9ead02a\" class=\"forminator-input forminator-email--field\" data-required=\"true\" aria-required=\"true\" autocomplete=\"email\" \/><\/div><\/div><\/div><div class=\"forminator-row\"><div id=\"phone-1\" class=\"forminator-field-phone forminator-col forminator-col-12\"><div class=\"forminator-field\"><label for=\"forminator-field-phone-1_69e45b9ead02a\" id=\"forminator-field-phone-1_69e45b9ead02a-label\" class=\"forminator-label\">Num\u00e9ro de t\u00e9l\u00e9phone<\/label><input type=\"text\" name=\"phone-1\" value=\"\" placeholder=\"\" id=\"forminator-field-phone-1_69e45b9ead02a\" class=\"forminator-input forminator-field--phone\" data-required=\"\" aria-required=\"false\" autocomplete=\"off\" \/><\/div><\/div><\/div><div class=\"forminator-row\"><div id=\"checkbox-1\" class=\"forminator-field-checkbox forminator-col forminator-col-12\"><div role=\"group\" class=\"forminator-field required\" aria-labelledby=\"forminator-checkbox-group-forminator-field-checkbox-1-69e45b9ead02a-label\"><span id=\"forminator-checkbox-group-forminator-field-checkbox-1-69e45b9ead02a-label\" class=\"forminator-label\">Sujet de votre message <span class=\"forminator-required\">*<\/span><\/span><label id=\"forminator-field-checkbox-1-1-69e45b9ead02a-label\" for=\"forminator-field-checkbox-1-1-69e45b9ead02a\" class=\"forminator-checkbox\" title=\"Demande d\u2019informations g\u00e9n\u00e9rales\"><input type=\"checkbox\" name=\"checkbox-1[]\" value=\"one\" id=\"forminator-field-checkbox-1-1-69e45b9ead02a\" aria-labelledby=\"forminator-field-checkbox-1-1-69e45b9ead02a-label\" data-calculation=\"0\"   data-hidden-behavior=\"zero\"\/><span class=\"forminator-checkbox-box\" aria-hidden=\"true\"><\/span><span class=\"forminator-checkbox-label\">Demande d\u2019informations g\u00e9n\u00e9rales<\/span><\/label><label id=\"forminator-field-checkbox-1-2-69e45b9ead02a-label\" for=\"forminator-field-checkbox-1-2-69e45b9ead02a\" class=\"forminator-checkbox\" title=\"Demande de partenariat\"><input type=\"checkbox\" name=\"checkbox-1[]\" value=\"two\" id=\"forminator-field-checkbox-1-2-69e45b9ead02a\" aria-labelledby=\"forminator-field-checkbox-1-2-69e45b9ead02a-label\" data-calculation=\"0\"   data-hidden-behavior=\"zero\"\/><span class=\"forminator-checkbox-box\" aria-hidden=\"true\"><\/span><span class=\"forminator-checkbox-label\">Demande de partenariat<\/span><\/label><label id=\"forminator-field-checkbox-1-3-69e45b9ead02a-label\" for=\"forminator-field-checkbox-1-3-69e45b9ead02a\" class=\"forminator-checkbox\" title=\"Autre (Veuillez pr\u00e9ciser)\"><input type=\"checkbox\" name=\"checkbox-1[]\" value=\"custom_option\" id=\"forminator-field-checkbox-1-3-69e45b9ead02a\" aria-labelledby=\"forminator-field-checkbox-1-3-69e45b9ead02a-label\" data-calculation=\"0\"   data-hidden-behavior=\"zero\"\/><span class=\"forminator-checkbox-box\" aria-hidden=\"true\"><\/span><span class=\"forminator-checkbox-label\">Autre (Veuillez pr\u00e9ciser)<\/span><\/label><div class=\"forminator-field forminator-custom-input\"><input id=\"custom-forminator-field-checkbox-1-3-69e45b9ead02a\" name=\"custom-checkbox-1\" aria-labelledby=\"forminator-field-checkbox-1-3-69e45b9ead02a-label\" class=\"forminator-input\" value=\"\" \/><\/div><\/div><\/div><\/div><div class=\"forminator-row\"><div id=\"textarea-1\" class=\"forminator-field-textarea forminator-col forminator-col-12\"><div class=\"forminator-field\"><label for=\"forminator-field-textarea-1_69e45b9ead02a\" id=\"forminator-field-textarea-1_69e45b9ead02a-label\" class=\"forminator-label\">Votre Message<\/label><span id=\"forminator-field-textarea-1_69e45b9ead02a-description\" class=\"forminator-description\"><span data-limit=\"180\" data-type=\"characters\" data-editor=\"\">0 \/ 180<\/span><\/span><textarea name=\"textarea-1\" placeholder=\"Veuillez entrer votre message.\" id=\"forminator-field-textarea-1_69e45b9ead02a\" class=\"forminator-textarea\" rows=\"6\" style=\"min-height:140px;\" maxlength=\"180\" >Please describe your request or question in detail.<\/textarea><\/div><\/div><\/div><div class=\"forminator-row\"><div id=\"checkbox-2\" class=\"forminator-field-checkbox forminator-col forminator-col-12\"><div role=\"group\" class=\"forminator-field\" aria-labelledby=\"forminator-checkbox-group-forminator-field-checkbox-2-69e45b9ead02a-label\"><span id=\"forminator-checkbox-group-forminator-field-checkbox-2-69e45b9ead02a-label\" class=\"forminator-label\">R\u00e9ponse pr\u00e9f\u00e9r\u00e9e<\/span><label id=\"forminator-field-checkbox-2-1-69e45b9ead02a-label\" for=\"forminator-field-checkbox-2-1-69e45b9ead02a\" class=\"forminator-checkbox\" title=\"Par courriel\"><input type=\"checkbox\" name=\"checkbox-2[]\" value=\"one\" id=\"forminator-field-checkbox-2-1-69e45b9ead02a\" aria-labelledby=\"forminator-field-checkbox-2-1-69e45b9ead02a-label\" data-calculation=\"0\"   data-hidden-behavior=\"zero\"\/><span class=\"forminator-checkbox-box\" aria-hidden=\"true\"><\/span><span class=\"forminator-checkbox-label\">Par courriel<\/span><\/label><label id=\"forminator-field-checkbox-2-2-69e45b9ead02a-label\" for=\"forminator-field-checkbox-2-2-69e45b9ead02a\" class=\"forminator-checkbox\" title=\"Par t\u00e9l\u00e9phone\"><input type=\"checkbox\" name=\"checkbox-2[]\" value=\"two\" id=\"forminator-field-checkbox-2-2-69e45b9ead02a\" aria-labelledby=\"forminator-field-checkbox-2-2-69e45b9ead02a-label\" data-calculation=\"0\"   data-hidden-behavior=\"zero\"\/><span class=\"forminator-checkbox-box\" aria-hidden=\"true\"><\/span><span class=\"forminator-checkbox-label\">Par t\u00e9l\u00e9phone<\/span><\/label><label id=\"forminator-field-checkbox-2-3-69e45b9ead02a-label\" for=\"forminator-field-checkbox-2-3-69e45b9ead02a\" class=\"forminator-checkbox\" title=\"Par vid\u00e9oconf\u00e9rence (ex. Zoom, Teams)\"><input type=\"checkbox\" name=\"checkbox-2[]\" value=\"By-videoconference-(ex.-Zoom,-Teams)\" id=\"forminator-field-checkbox-2-3-69e45b9ead02a\" aria-labelledby=\"forminator-field-checkbox-2-3-69e45b9ead02a-label\" data-calculation=\"0\"   data-hidden-behavior=\"zero\"\/><span class=\"forminator-checkbox-box\" aria-hidden=\"true\"><\/span><span class=\"forminator-checkbox-label\">Par vid\u00e9oconf\u00e9rence (ex. Zoom, Teams)<\/span><\/label><label id=\"forminator-field-checkbox-2-4-69e45b9ead02a-label\" for=\"forminator-field-checkbox-2-4-69e45b9ead02a\" class=\"forminator-checkbox\" title=\"Aucune pr\u00e9f\u00e9rence\"><input type=\"checkbox\" name=\"checkbox-2[]\" value=\"No-preference\" id=\"forminator-field-checkbox-2-4-69e45b9ead02a\" aria-labelledby=\"forminator-field-checkbox-2-4-69e45b9ead02a-label\" data-calculation=\"0\"   data-hidden-behavior=\"zero\"\/><span class=\"forminator-checkbox-box\" aria-hidden=\"true\"><\/span><span class=\"forminator-checkbox-label\">Aucune pr\u00e9f\u00e9rence<\/span><\/label><\/div><\/div><\/div><div class=\"forminator-row\"><div id=\"checkbox-3\" class=\"forminator-field-checkbox forminator-col forminator-col-12\"><div role=\"group\" class=\"forminator-field required\" aria-labelledby=\"forminator-checkbox-group-forminator-field-checkbox-3-69e45b9ead02a-label\"><span id=\"forminator-checkbox-group-forminator-field-checkbox-3-69e45b9ead02a-label\" class=\"forminator-label\">Consentement pour le Traitement des Donn\u00e9es Personnelles : <span class=\"forminator-required\">*<\/span><\/span><label id=\"forminator-field-checkbox-3-1-69e45b9ead02a-label\" for=\"forminator-field-checkbox-3-1-69e45b9ead02a\" class=\"forminator-checkbox\" title=\"En soumettant ce formulaire, vous acceptez que Sant\u00e9 Diversit\u00e9 puisse collecter et traiter vos donn\u00e9es personnelles conform\u00e9ment \u00e0 notre politique de confidentialit\u00e9.\"><input type=\"checkbox\" name=\"checkbox-3[]\" value=\"one\" id=\"forminator-field-checkbox-3-1-69e45b9ead02a\" aria-labelledby=\"forminator-field-checkbox-3-1-69e45b9ead02a-label\" data-calculation=\"0\"   data-hidden-behavior=\"zero\"\/><span class=\"forminator-checkbox-box\" aria-hidden=\"true\"><\/span><span class=\"forminator-checkbox-label\">En soumettant ce formulaire, vous acceptez que Sant\u00e9 Diversit\u00e9 puisse collecter et traiter vos donn\u00e9es personnelles conform\u00e9ment \u00e0 notre politique de confidentialit\u00e9.<\/span><\/label><label id=\"forminator-field-checkbox-3-2-69e45b9ead02a-label\" for=\"forminator-field-checkbox-3-2-69e45b9ead02a\" class=\"forminator-checkbox\" title=\"J\u2019accepte la politique de confidentialit\u00e9 (requis)\"><input type=\"checkbox\" name=\"checkbox-3[]\" value=\"I-accept-the-privacy-policy-(required)\" id=\"forminator-field-checkbox-3-2-69e45b9ead02a\" aria-labelledby=\"forminator-field-checkbox-3-2-69e45b9ead02a-label\" data-calculation=\"0\"   data-hidden-behavior=\"zero\"\/><span class=\"forminator-checkbox-box\" aria-hidden=\"true\"><\/span><span class=\"forminator-checkbox-label\">J\u2019accepte la politique de confidentialit\u00e9 (requis)<\/span><\/label><\/div><\/div><\/div><input type=\"hidden\" name=\"referer_url\" value=\"\" \/><div class=\"forminator-row forminator-row-last\"><div class=\"forminator-col\"><div class=\"forminator-field\"><button class=\"forminator-button forminator-button-submit\">Soumettre<\/button><\/div><\/div><\/div><input type=\"hidden\" id=\"forminator_nonce\" name=\"forminator_nonce\" value=\"a9fcf95239\" \/><input type=\"hidden\" name=\"_wp_http_referer\" value=\"\/fr\/wp-json\/wp\/v2\/pages\/6516\" \/><input type=\"hidden\" name=\"form_id\" value=\"6669\"><input type=\"hidden\" name=\"page_id\" value=\"6516\"><input type=\"hidden\" name=\"form_type\" value=\"default\"><input type=\"hidden\" name=\"current_url\" value=\"https:\/\/santediversite.org\/fr\/become-a-partner\/\"><input type=\"hidden\" name=\"render_id\" value=\"0\"><input type=\"hidden\" name=\"action\" value=\"forminator_submit_form_custom-forms\"><input type=\"hidden\" name=\"trp-form-language\" value=\"fr\"\/><\/form><\/div>","protected":false},"excerpt":{"rendered":"","protected":false},"author":1,"featured_media":0,"parent":0,"menu_order":0,"comment_status":"closed","ping_status":"closed","template":"","meta":{"_piecal_is_event":false,"_piecal_start_date":"","_piecal_end_date":"","_piecal_is_allday":false,"_monsterinsights_skip_tracking":false,"_monsterinsights_sitenote_active":false,"_monsterinsights_sitenote_note":"","_monsterinsights_sitenote_category":0,"footnotes":""},"class_list":["post-6516","page","type-page","status-publish","hentry"],"_hostinger_reach_plugin_has_subscription_block":false,"_hostinger_reach_plugin_is_elementor":false,"_links":{"self":[{"href":"https:\/\/santediversite.org\/fr\/wp-json\/wp\/v2\/pages\/6516","targetHints":{"allow":["GET"]}}],"collection":[{"href":"https:\/\/santediversite.org\/fr\/wp-json\/wp\/v2\/pages"}],"about":[{"href":"https:\/\/santediversite.org\/fr\/wp-json\/wp\/v2\/types\/page"}],"author":[{"embeddable":true,"href":"https:\/\/santediversite.org\/fr\/wp-json\/wp\/v2\/users\/1"}],"replies":[{"embeddable":true,"href":"https:\/\/santediversite.org\/fr\/wp-json\/wp\/v2\/comments?post=6516"}],"version-history":[{"count":2,"href":"https:\/\/santediversite.org\/fr\/wp-json\/wp\/v2\/pages\/6516\/revisions"}],"predecessor-version":[{"id":6670,"href":"https:\/\/santediversite.org\/fr\/wp-json\/wp\/v2\/pages\/6516\/revisions\/6670"}],"wp:attachment":[{"href":"https:\/\/santediversite.org\/fr\/wp-json\/wp\/v2\/media?parent=6516"}],"curies":[{"name":"wp","href":"https:\/\/api.w.org\/{rel}","templated":true}]}}