{"id":6563,"date":"2025-07-24T16:32:49","date_gmt":"2025-07-24T20:32:49","guid":{"rendered":"https:\/\/santediversite.org\/?page_id=6563"},"modified":"2025-08-22T13:15:44","modified_gmt":"2025-08-22T17:15:44","slug":"how-to-participate","status":"publish","type":"page","link":"https:\/\/santediversite.org\/fr\/how-to-participate\/","title":{"rendered":"Comment participer"},"content":{"rendered":"<div data-elementor-type=\"wp-page\" data-elementor-id=\"6563\" class=\"elementor elementor-6563\">\n\t\t\t\t<div class=\"elementor-element elementor-element-b166f28 e-flex e-con-boxed e-con e-parent\" data-id=\"b166f28\" data-element_type=\"container\" data-e-type=\"container\">\n\t\t\t\t\t<div class=\"e-con-inner\">\n\t\t\t\t<div class=\"elementor-element elementor-element-58a1596 elementor-widget elementor-widget-image\" data-id=\"58a1596\" data-element_type=\"widget\" data-e-type=\"widget\" data-widget_type=\"image.default\">\n\t\t\t\t<div class=\"elementor-widget-container\">\n\t\t\t\t\t\t\t\t\t\t\t\t\t\t\t<img fetchpriority=\"high\" decoding=\"async\" width=\"640\" height=\"426\" src=\"https:\/\/santediversite.org\/wp-content\/uploads\/2025\/07\/Untitled-1-1024x681.png\" class=\"attachment-large size-large wp-image-6568\" alt=\"\" srcset=\"https:\/\/santediversite.org\/wp-content\/uploads\/2025\/07\/Untitled-1-1024x681.png 1024w, https:\/\/santediversite.org\/wp-content\/uploads\/2025\/07\/Untitled-1-300x199.png 300w, https:\/\/santediversite.org\/wp-content\/uploads\/2025\/07\/Untitled-1-768x510.png 768w, https:\/\/santediversite.org\/wp-content\/uploads\/2025\/07\/Untitled-1-600x399.png 600w, https:\/\/santediversite.org\/wp-content\/uploads\/2025\/07\/Untitled-1.png 1294w\" sizes=\"(max-width: 640px) 100vw, 640px\" \/>\t\t\t\t\t\t\t\t\t\t\t\t\t\t\t<\/div>\n\t\t\t\t<\/div>\n\t\t\t\t\t<\/div>\n\t\t\t\t<\/div>\n\t\t<div class=\"elementor-element elementor-element-5a02eaa e-flex e-con-boxed e-con e-parent\" data-id=\"5a02eaa\" data-element_type=\"container\" data-e-type=\"container\">\n\t\t\t\t\t<div class=\"e-con-inner\">\n\t\t\t\t<div class=\"elementor-element elementor-element-0613a76 elementor-widget elementor-widget-heading\" data-id=\"0613a76\" data-element_type=\"widget\" data-e-type=\"widget\" data-widget_type=\"heading.default\">\n\t\t\t\t<div class=\"elementor-widget-container\">\n\t\t\t\t\t<h2 class=\"elementor-heading-title elementor-size-default\">Pour S\u2019inscrire ou Participer<\/h2>\t\t\t\t<\/div>\n\t\t\t\t<\/div>\n\t\t\t\t\t<\/div>\n\t\t\t\t<\/div>\n\t\t<div class=\"elementor-element elementor-element-0bd8034 e-flex e-con-boxed e-con e-parent\" data-id=\"0bd8034\" data-element_type=\"container\" data-e-type=\"container\">\n\t\t\t\t\t<div class=\"e-con-inner\">\n\t\t\t\t<div class=\"elementor-element elementor-element-a19cfc4 elementor-widget elementor-widget-text-editor\" data-id=\"a19cfc4\" data-element_type=\"widget\" data-e-type=\"widget\" data-widget_type=\"text-editor.default\">\n\t\t\t\t<div class=\"elementor-widget-container\">\n\t\t\t\t\t\t\t\t\t<h4 dir=\"ltr\">\u00cates-vous un professionnel de la sant\u00e9 issu de l\u2019immigration qui cherche \u00e0 int\u00e9grer la population active du Qu\u00e9bec? \u00cates-vous un employeur ou une institution de sant\u00e9 qui cherche \u00e0 promouvoir la diversit\u00e9 et l\u2019inclusion au sein de votre \u00e9quipe ?<\/h4><p dir=\"ltr\">Rejoignez Sant\u00e9 Diversit\u00e9 pour b\u00e9n\u00e9ficier de nos programmes d\u2019int\u00e9gration, services de mentorat et initiatives de sensibilisation. Voici comment vous pouvez vous impliquer\u00a0:<\/p>\t\t\t\t\t\t\t\t<\/div>\n\t\t\t\t<\/div>\n\t\t\t\t\t<\/div>\n\t\t\t\t<\/div>\n\t\t<div class=\"elementor-element elementor-element-99f127c e-flex e-con-boxed e-con e-parent\" data-id=\"99f127c\" data-element_type=\"container\" data-e-type=\"container\">\n\t\t\t\t\t<div class=\"e-con-inner\">\n\t\t\t\t<div class=\"elementor-element elementor-element-4542d8a elementor-widget elementor-widget-text-editor\" data-id=\"4542d8a\" data-element_type=\"widget\" data-e-type=\"widget\" data-widget_type=\"text-editor.default\">\n\t\t\t\t<div class=\"elementor-widget-container\">\n\t\t\t\t\t\t\t\t\t<table>\n<tbody>\n<tr>\n<td style=\"border: none;\">\n<h4 dir=\"ltr\">Pour les Professionnels de Sant\u00e9 :<\/h4>\n<\/td>\n<td style=\"border: none;\">\n<h4 dir=\"ltr\">Pour les employeurs et les \u00e9tablissements de sant\u00e9\u00a0:<\/h4>\n<\/td>\n<\/tr>\n<tr>\n<td style=\"border: none;\"><strong>Inscrivez-vous \u00e0 nos programmes<\/strong>\u00a0: Compl\u00e9tez la Contactez-nous en utilisant le formulaire de contact sur notre site web pour vous inscrire \u00e0 nos programmes de formation et d\u2019int\u00e9gration professionnelle.<\/td>\n<td style=\"border: none;\"><strong>Collaborer avec Nous<\/strong>\u00a0: Contactez-nous pour en savoir plus sur nos services de sensibilisation et de formation sur la diversit\u00e9 et l\u2019inclusion dans les soins de sant\u00e9.<\/td>\n<\/tr>\n<tr>\n<td style=\"border: none;\"><strong>Participez \u00e0 nos ateliers et formations<\/strong>\u00a0: Consultez notre calendrier des \u00e9v\u00e9nements pour vous inscrire \u00e0 nos ateliers sur la diversit\u00e9 dans les soins de sant\u00e9 et la reconnaissance des titres de comp\u00e9tences.<\/td>\n<td style=\"border: none;\"><strong>Devenir un Partenaire<\/strong>\u00a0: Explorez les possibilit\u00e9s de partenariat avec Sant\u00e9 Diversit\u00e9 pour promouvoir l\u2019\u00e9quit\u00e9 et l\u2019inclusion dans votre milieu de travail.<\/td>\n<\/tr>\n<tr>\n<td style=\"border: none;\"><strong>D\u00e9couvrez nos ressources<\/strong>\u00a0: Explorez nos articles et publications pour acc\u00e9der \u00e0 des ressources utiles sur l\u2019int\u00e9gration professionnelle et la diversit\u00e9 dans les soins de sant\u00e9.<\/td>\n<td><strong>Participer \u00e0 nos \u00e9v\u00e9nements<\/strong>\u00a0: Participez \u00e0 nos conf\u00e9rences et s\u00e9minaires pour \u00e9changer sur les bonnes pratiques en mati\u00e8re de diversit\u00e9 et d\u2019insertion professionnelle.<\/td>\n<\/tr>\n<\/tbody>\n<\/table>\t\t\t\t\t\t\t\t<\/div>\n\t\t\t\t<\/div>\n\t\t\t\t\t<\/div>\n\t\t\t\t<\/div>\n\t\t\t\t<\/div>","protected":false},"excerpt":{"rendered":"<p>To Register or Participate Are you a healthcare professional with an immigrant background seeking to integrate into the Quebec workforce? Are you an employer or healthcare institution looking to promote diversity and inclusion within your team? Join Sant\u00e9 Diversit\u00e9 to benefit from our integration programs, mentoring services, and awareness-raising initiatives. [&hellip;]<\/p>\n","protected":false},"author":1,"featured_media":0,"parent":0,"menu_order":0,"comment_status":"closed","ping_status":"closed","template":"","meta":{"_piecal_is_event":false,"_piecal_start_date":"","_piecal_end_date":"","_piecal_is_allday":false,"_monsterinsights_skip_tracking":false,"_monsterinsights_sitenote_active":false,"_monsterinsights_sitenote_note":"","_monsterinsights_sitenote_category":0,"footnotes":""},"class_list":["post-6563","page","type-page","status-publish","hentry"],"_hostinger_reach_plugin_has_subscription_block":false,"_hostinger_reach_plugin_is_elementor":false,"_links":{"self":[{"href":"https:\/\/santediversite.org\/fr\/wp-json\/wp\/v2\/pages\/6563","targetHints":{"allow":["GET"]}}],"collection":[{"href":"https:\/\/santediversite.org\/fr\/wp-json\/wp\/v2\/pages"}],"about":[{"href":"https:\/\/santediversite.org\/fr\/wp-json\/wp\/v2\/types\/page"}],"author":[{"embeddable":true,"href":"https:\/\/santediversite.org\/fr\/wp-json\/wp\/v2\/users\/1"}],"replies":[{"embeddable":true,"href":"https:\/\/santediversite.org\/fr\/wp-json\/wp\/v2\/comments?post=6563"}],"version-history":[{"count":15,"href":"https:\/\/santediversite.org\/fr\/wp-json\/wp\/v2\/pages\/6563\/revisions"}],"predecessor-version":[{"id":6627,"href":"https:\/\/santediversite.org\/fr\/wp-json\/wp\/v2\/pages\/6563\/revisions\/6627"}],"wp:attachment":[{"href":"https:\/\/santediversite.org\/fr\/wp-json\/wp\/v2\/media?parent=6563"}],"curies":[{"name":"wp","href":"https:\/\/api.w.org\/{rel}","templated":true}]}}