{"id":6678,"date":"2025-08-28T18:25:41","date_gmt":"2025-08-28T22:25:41","guid":{"rendered":"https:\/\/santediversite.org\/?page_id=6678"},"modified":"2025-08-28T18:26:03","modified_gmt":"2025-08-28T22:26:03","slug":"donate-4","status":"publish","type":"page","link":"https:\/\/santediversite.org\/fr\/donate-4\/","title":{"rendered":"Faire Don"},"content":{"rendered":"<div class=\"charitable-campaign-wrap template-simple-1-col charitable-campaign-wrap-id-6671\">\n\n\t\t<div class=\"charitable-campaign-container\">\n\n\t\t\n\t\t\t\t\t<!-- row START -->\n\t\t\t\t\t<div id=\"charitable-template-row-0\" data-row-id=\"0\" data-row-type=\"row\" class=\"charitable-campaign-row charitable-campaign-row-type-row no-css\">\n\n\t\t\t\t\t<!-- column START --><div data-column-id=\"0\" class=\"charitable-campaign-column charitable-campaign-column-0\"><!-- section START --><div data-section-id=\"0\" data-section-type=\"fields\" class=\"section charitable-field-section\"><div class=\"charitable-campaign-field charitable-campaign-field-photo charitable-campaign-field-container charitable-campaign-align-center charitable-campaign-columns-1\"><div class=\"charitable-campaign-field-inner\" style=\"width: 100%\">\n\t\t\t\t<div class=\"charitable-campaign-primary-image\">\n\t\t\t\t\t<img decoding=\"async\" src=\"https:\/\/santediversite.org\/wp-content\/uploads\/2025\/08\/matheus-ferrero-yfmjALh1S6s-unsplash-scaled.jpg\" alt=\"\" \/>\n\t\t\t\t<\/div>\n\n\n\t\t\t\t<\/div><\/div><div class=\"charitable-campaign-field charitable-campaign-field-campaign-description charitable-campaign-field-container charitable-campaign-align-center charitable-campaign-columns-1\"><div class=\"charitable-campaign-field-inner\" style=\"width: 100%\"><div class=\"charitable-field-title-description title-description\" data-field-type=\"campaign-description\">\n\t\t\t\t\t\t\t\t\t<div class=\"placeholder charitable-placeholder\"><h5 class=\"charitable-field-template-headline\">Faites un don \u00e0 Sant\u00e9 Diversit\u00e9<\/h5>\n\t\t\t\t\t\t\t\t\t\t<div class=\"charitable-campaign-builder-placeholder-template-text charitable-campaign-builder-no-description-template charitable-prevent-select\"><p>Votre don aide Sant\u00e9 Diversit\u00e9 \u00e0 cr\u00e9er un impact r\u00e9el dans le secteur de la sant\u00e9.<\/p>\n<p>En donnant aujourd\u2019hui, vous:<\/p>\n<p>Habiliter les professionnels de la sant\u00e9 immigrants \u00e0 s\u2019int\u00e9grer dans la force de travailSupprimer la formation sur la diversit\u00e9 et l\u2019inclusion pour les institutions et les employeursProgrammes de mentorat et d\u2019entrepreneuriat qui renforcent les communaut\u00e9s<\/p>\n<p>Chaque contribution\u2014grande ou petite \u2014 fait une diff\u00e9rence. Ensemble, nous pouvons b\u00e2tir un syst\u00e8me de sant\u00e9 qui refl\u00e8te et sert v\u00e9ritablement la diversit\u00e9 du Qu\u00e9bec.<\/p>\n<\/div>\n\t\t\t\t\t\t\t\t\t<\/div>\n\t\t\t\t\t\t\t\t<\/div><\/div><\/div><div class=\"charitable-campaign-field charitable-campaign-field-donate-button charitable-campaign-field-container charitable-campaign-align-center charitable-campaign-columns-1\"><div class=\"charitable-campaign-field-inner\" style=\"width: 100%\">\n\t\t\t<div >\n\n\t\t\t\n\t\t\t\t<div class=\"campaign-donation\">\n\t\t\t\t\t<a data-trigger-modal=\"charitable-donation-form-modal-6671\"\n\t\t\t\t\t\tdata-campaign-id=\"6671\"\n\t\t\t\t\t\tclass=\"button charitable-button donate-button button-primary\"\n\t\t\t\t\t\thref=\"https:\/\/santediversite.org\/fr\/campaigns\/donate-to-sante-diversite\/donate\/\"\n\t\t\t\t\t\t\t\t\t\taria-label=\"Make a donation to Donate to Sante Diversite\">\n\t\t\t\t\tFaire Don\t\t\t\t<\/a>\n\t\t\t\t<\/div>\n\n\n\t\t\t\t\n\t\t\t<\/div>\n\n\n\n\t\t\t<\/div><\/div><\/div><!-- section END -->\n\t\t\t\t\t\t\t\t<\/div>\n\n\t\t\t\t\t\t\t<!-- column END -->\n\t\t\t\t\t<\/div>\n\n\t\t\t\t\t<!-- row END -->\n\t\t\t\t\n\t\t\t\t\t<!-- row START -->\n\t\t\t\t\t<div id=\"charitable-template-row-1\" data-row-id=\"1\" data-row-type=\"row\" class=\"charitable-campaign-row charitable-campaign-row-type-row no-padding no-field-target no-field-wrap\">\n\n\t\t\t\t\t<!-- column START --><div data-column-id=\"1\" class=\"charitable-campaign-column charitable-campaign-column-1\"><!-- section START --><div data-section-id=\"0\" data-section-type=\"tabs\" class=\"section charitable-field-section\">\n\t\t\t\t\t\t\t\t<\/div>\n\n\t\t\t\t\t\t\t<!-- column END -->\n\t\t\t\t\t<\/div>\n\n\t\t\t\t\t<!-- row END -->\n\t\t\t\t\n\t\t\t<\/div>\n\t\t<\/div>\n\n\t\n\n\n\n<p><\/p>","protected":false},"excerpt":{"rendered":"","protected":false},"author":1,"featured_media":0,"parent":0,"menu_order":0,"comment_status":"closed","ping_status":"closed","template":"","meta":{"_piecal_is_event":false,"_piecal_start_date":"","_piecal_end_date":"","_piecal_is_allday":false,"_monsterinsights_skip_tracking":false,"_monsterinsights_sitenote_active":false,"_monsterinsights_sitenote_note":"","_monsterinsights_sitenote_category":0,"footnotes":""},"class_list":["post-6678","page","type-page","status-publish","hentry"],"_hostinger_reach_plugin_has_subscription_block":false,"_hostinger_reach_plugin_is_elementor":false,"_links":{"self":[{"href":"https:\/\/santediversite.org\/fr\/wp-json\/wp\/v2\/pages\/6678","targetHints":{"allow":["GET"]}}],"collection":[{"href":"https:\/\/santediversite.org\/fr\/wp-json\/wp\/v2\/pages"}],"about":[{"href":"https:\/\/santediversite.org\/fr\/wp-json\/wp\/v2\/types\/page"}],"author":[{"embeddable":true,"href":"https:\/\/santediversite.org\/fr\/wp-json\/wp\/v2\/users\/1"}],"replies":[{"embeddable":true,"href":"https:\/\/santediversite.org\/fr\/wp-json\/wp\/v2\/comments?post=6678"}],"version-history":[{"count":2,"href":"https:\/\/santediversite.org\/fr\/wp-json\/wp\/v2\/pages\/6678\/revisions"}],"predecessor-version":[{"id":6682,"href":"https:\/\/santediversite.org\/fr\/wp-json\/wp\/v2\/pages\/6678\/revisions\/6682"}],"wp:attachment":[{"href":"https:\/\/santediversite.org\/fr\/wp-json\/wp\/v2\/media?parent=6678"}],"curies":[{"name":"wp","href":"https:\/\/api.w.org\/{rel}","templated":true}]}}